{"id":657,"date":"2020-07-27T13:14:29","date_gmt":"2020-07-27T11:14:29","guid":{"rendered":"https:\/\/www.intelliplan.se\/no\/?page_id=657"},"modified":"2022-05-24T19:52:30","modified_gmt":"2022-05-24T17:52:30","slug":"om-cookies","status":"publish","type":"page","link":"https:\/\/www.intelliplan.se\/no\/om-cookies\/","title":{"rendered":"Om cookies"},"content":{"rendered":"\t\t<div data-elementor-type=\"wp-page\" data-elementor-id=\"657\" class=\"elementor elementor-657\">\n\t\t\t\t\t\t<section class=\"elementor-section elementor-top-section elementor-element elementor-element-664707c elementor-section-boxed elementor-section-height-default elementor-section-height-default\" data-id=\"664707c\" data-element_type=\"section\" data-e-type=\"section\" data-settings=\"{&quot;background_background&quot;:&quot;gradient&quot;,&quot;shape_divider_bottom&quot;:&quot;curve-asymmetrical&quot;}\">\n\t\t\t\t\t\t\t<div class=\"elementor-background-overlay\"><\/div>\n\t\t\t\t\t\t<div class=\"elementor-shape elementor-shape-bottom\" aria-hidden=\"true\" data-negative=\"false\">\n\t\t\t<svg xmlns=\"http:\/\/www.w3.org\/2000\/svg\" viewBox=\"0 0 1000 100\" preserveAspectRatio=\"none\">\n\t<path class=\"elementor-shape-fill\" d=\"M0,0c0,0,0,6,0,6.7c0,18,240.2,93.6,615.2,92.6C989.8,98.5,1000,25,1000,6.7c0-0.7,0-6.7,0-6.7H0z\"\/>\n<\/svg>\t\t<\/div>\n\t\t\t\t\t<div class=\"elementor-container elementor-column-gap-default\">\n\t\t\t\t\t<div class=\"aux-parallax-section elementor-column elementor-col-100 elementor-top-column elementor-element elementor-element-91ce3ed\" data-id=\"91ce3ed\" data-element_type=\"column\" data-e-type=\"column\">\n\t\t\t<div class=\"elementor-widget-wrap elementor-element-populated\">\n\t\t\t\t\t\t<div class=\"elementor-element elementor-element-7ace711 elementor-widget elementor-widget-heading\" data-id=\"7ace711\" data-element_type=\"widget\" data-e-type=\"widget\" data-widget_type=\"heading.default\">\n\t\t\t\t<div class=\"elementor-widget-container\">\n\t\t\t\t\t<h1 class=\"elementor-heading-title elementor-size-default\">Om cookies<\/h1>\t\t\t\t<\/div>\n\t\t\t\t<\/div>\n\t\t\t\t\t<\/div>\n\t\t<\/div>\n\t\t\t\t\t<\/div>\n\t\t<\/section>\n\t\t\t\t<section class=\"elementor-section elementor-top-section elementor-element elementor-element-c8a5c6d elementor-section-boxed elementor-section-height-default elementor-section-height-default\" data-id=\"c8a5c6d\" data-element_type=\"section\" data-e-type=\"section\">\n\t\t\t\t\t\t<div class=\"elementor-container elementor-column-gap-default\">\n\t\t\t\t\t<div class=\"aux-parallax-section elementor-column elementor-col-100 elementor-top-column elementor-element elementor-element-bb2e520\" data-id=\"bb2e520\" data-element_type=\"column\" data-e-type=\"column\">\n\t\t\t<div class=\"elementor-widget-wrap elementor-element-populated\">\n\t\t\t\t\t\t<div class=\"elementor-element elementor-element-7bd4188 elementor-widget elementor-widget-text-editor\" data-id=\"7bd4188\" data-element_type=\"widget\" data-e-type=\"widget\" data-widget_type=\"text-editor.default\">\n\t\t\t\t<div class=\"elementor-widget-container\">\n\t\t\t\t\t\t\t\t\t<p>Intelliplan bruker informasjonskapsler p\u00e5 dette nettstedet for \u00e5 forbedre brukeropplevelsen for deg som bes\u00f8kende. N\u00e5r informasjonskapsler brukes, er det Intelliplans ansvar \u00e5 informere deg om:<\/p><ul><li>At nettstedet inneholder informasjonskapsler<\/li><li>Hva informasjonskapsler er og hva de brukes til<\/li><li>Hvorfor Intelliplan velger \u00e5 bruke informasjonskapsler<\/li><li>Slik sl\u00e5r du av informasjonskapsler<\/li><li>Hvordan du kan kontakte Intelliplan ang\u00e5ende informasjonskapsler<\/li><\/ul><p>Ved \u00e5 tillate informasjonskapsler i nettleseren din og bes\u00f8ke nettstedet v\u00e5rt, samtykker du i at Intelliplan bruker informasjonskapsler i samsvar med denne cookie-policyen.<\/p>\t\t\t\t\t\t\t\t<\/div>\n\t\t\t\t<\/div>\n\t\t\t\t<div class=\"elementor-element elementor-element-ea6b182 elementor-widget elementor-widget-heading\" data-id=\"ea6b182\" data-element_type=\"widget\" data-e-type=\"widget\" data-widget_type=\"heading.default\">\n\t\t\t\t<div class=\"elementor-widget-container\">\n\t\t\t\t\t<h3 class=\"elementor-heading-title elementor-size-default\">Hva er informasjonskapsler og hva brukes de til?<\/h3>\t\t\t\t<\/div>\n\t\t\t\t<\/div>\n\t\t\t\t<div class=\"elementor-element elementor-element-f1cf10c elementor-widget elementor-widget-text-editor\" data-id=\"f1cf10c\" data-element_type=\"widget\" data-e-type=\"widget\" data-widget_type=\"text-editor.default\">\n\t\t\t\t<div class=\"elementor-widget-container\">\n\t\t\t\t\t\t\t\t\t<p>Informasjonskapsler er sm\u00e5 tekstfiler som sendes fra nettsteder du bes\u00f8ker og lagres lokalt p\u00e5 enheten din (mobil, nettbrett eller datamaskin). Informasjonskapsler brukes av de fleste nettsteder i dag og er for eksempel n\u00f8dvendige for \u00e5:<\/p><ul><li>Forbedre opplevelsen din n\u00e5r du bes\u00f8ker nettstedet.<\/li><li>Alle funksjoner skal fungere p\u00e5 nettstedet.<\/li><li>Lagre statistikk for \u00e5 kunne forst\u00e5 oppf\u00f8rselen til forskjellige m\u00e5lgrupper og p\u00e5 sikt forbedre nettstedet.<\/li><\/ul><p>Det er to forskjellige typer informasjonskapsler, permanente og midlertidige. Permanente informasjonskapsler, ogs\u00e5 kalt tidsbegrenset informasjonskapsel, lagres i en viss lengre periode og forblir p\u00e5 datamaskinen mellom de gangene du bes\u00f8ker et nettsted. Midlertidige informasjonskapsler, ogs\u00e5 kalt \u00f8ktkaker, lagres bare mens du er online og bes\u00f8ker nettstedet. Disse informasjonskapslene blir slettet n\u00e5r du lukker nettleseren.<\/p><p>Informasjonskapsler kan i mange tilfeller telles som personlig informasjon, da det i mange tilfeller er mulig \u00e5 identifisere deg med hjelp av disse informasjonskapslene. Intelliplan er derfor forpliktet til \u00e5 overholde databeskyttelsesforordningen (GDPR) n\u00e5r den h\u00e5ndterer disse. For \u00e5 lese mer om hvordan Intelliplan h\u00e5ndterer personopplysninger, vennligst les v\u00e5r <a href=\"https:\/\/www.intelliplan.se\/no\/personvern\/\">personvernpolicy<\/a>.<\/p>\t\t\t\t\t\t\t\t<\/div>\n\t\t\t\t<\/div>\n\t\t\t\t<div class=\"elementor-element elementor-element-37bbf65 elementor-widget elementor-widget-heading\" data-id=\"37bbf65\" data-element_type=\"widget\" data-e-type=\"widget\" data-widget_type=\"heading.default\">\n\t\t\t\t<div class=\"elementor-widget-container\">\n\t\t\t\t\t<h3 class=\"elementor-heading-title elementor-size-default\">Hvorfor bruker Intelliplan informasjonskapsler?<\/h3>\t\t\t\t<\/div>\n\t\t\t\t<\/div>\n\t\t\t\t<div class=\"elementor-element elementor-element-73da7b6 elementor-widget elementor-widget-text-editor\" data-id=\"73da7b6\" data-element_type=\"widget\" data-e-type=\"widget\" data-widget_type=\"text-editor.default\">\n\t\t\t\t<div class=\"elementor-widget-container\">\n\t\t\t\t\t\t\t\t\t<p>Intelliplan bruker informasjonskapsler for \u00e5 forbedre opplevelsen din n\u00e5r du bes\u00f8ker nettstedet v\u00e5rt. Omr\u00e5dene der vi bruker informasjonskapsler kan oppsummeres med:<\/p><ul><li>Informasjonskapsler som er n\u00f8dvendige for at nettstedet skal fungere uten problemer. Hvis du for eksempel fyller ut et kontaktskjema, bruker vi informasjonskapsler for \u00e5 lagre informasjonen for neste gang.<\/li><li>Informasjonskapsler som er n\u00f8dvendige for \u00e5 beskytte oss mot svindel og for \u00e5 holde dine data trygge n\u00e5r du bes\u00f8ker oss.<\/li><li><strong>(Tredjepart)<\/strong> Vi bruker informasjonskapsler fra Google Analytics for \u00e5 spore hvordan du bruker nettstedet v\u00e5rt. Med denne informasjonen f\u00e5r vi en bedre forst\u00e5else av bruksm\u00f8nsteret til deg og andre bes\u00f8kende, noe som igjen hjelper oss med \u00e5 forbedre nettstedet.<\/li><\/ul>\t\t\t\t\t\t\t\t<\/div>\n\t\t\t\t<\/div>\n\t\t\t\t<div class=\"elementor-element elementor-element-5d52ea3 elementor-widget elementor-widget-heading\" data-id=\"5d52ea3\" data-element_type=\"widget\" data-e-type=\"widget\" data-widget_type=\"heading.default\">\n\t\t\t\t<div class=\"elementor-widget-container\">\n\t\t\t\t\t<h3 class=\"elementor-heading-title elementor-size-default\">Hvordan kan jeg sl\u00e5 av informasjonskapsler?<\/h3>\t\t\t\t<\/div>\n\t\t\t\t<\/div>\n\t\t\t\t<div class=\"elementor-element elementor-element-39a4222 elementor-widget elementor-widget-text-editor\" data-id=\"39a4222\" data-element_type=\"widget\" data-e-type=\"widget\" data-widget_type=\"text-editor.default\">\n\t\t\t\t<div class=\"elementor-widget-container\">\n\t\t\t\t\t\t\t\t\t<p>De fleste nettlesere tillater informasjonskapsler automatisk, noe som betyr at du m\u00e5 endre innstillingene i nettleseren din for \u00e5 forhindre at informasjonskapsler lagres. Normalt kan du velge mellom:<\/p><ul><li>Blokker informasjonskapsler helt.<\/li><li>Bli varslet hver gang en cookie pr\u00f8ver \u00e5 bli lagret, slik at du aktivt kan velge \u00e5 godta eller avvise hver enkelt informasjonskapsel.<\/li><\/ul><p>Husk at blokkering av informasjonskapsler kan p\u00e5virke funksjonaliteten til Intelliplans og andre nettsteder. Hvordan deaktivere informasjonskapsler er forskjellig mellom nettlesere, og vi oppfordrer deg derfor til \u00e5 s\u00f8ke mer informasjon fra produsenten av nettleseren din.<\/p>\t\t\t\t\t\t\t\t<\/div>\n\t\t\t\t<\/div>\n\t\t\t\t<div class=\"elementor-element elementor-element-d351456 elementor-widget elementor-widget-heading\" data-id=\"d351456\" data-element_type=\"widget\" data-e-type=\"widget\" data-widget_type=\"heading.default\">\n\t\t\t\t<div class=\"elementor-widget-container\">\n\t\t\t\t\t<h3 class=\"elementor-heading-title elementor-size-default\">Hvordan kan jeg kontakte Intelliplan?<\/h3>\t\t\t\t<\/div>\n\t\t\t\t<\/div>\n\t\t\t\t<div class=\"elementor-element elementor-element-c3c0e25 elementor-widget elementor-widget-text-editor\" data-id=\"c3c0e25\" data-element_type=\"widget\" data-e-type=\"widget\" data-widget_type=\"text-editor.default\">\n\t\t\t\t<div class=\"elementor-widget-container\">\n\t\t\t\t\t\t\t\t\t<p>Du er velkommen til \u00e5 kontakte Intelliplan n\u00e5r som helst hvis du har sp\u00f8rsm\u00e5l eller kommentarer. Dette gj\u00f8r du ved \u00e5 sende e-post til <a href=\"mailto:privacy@intelliplan.se\">privacy@intelliplan.se<\/a> eller <a href=\"mailto:support@intelliplan.se\">support@intelliplan.se<\/a><\/p>\t\t\t\t\t\t\t\t<\/div>\n\t\t\t\t<\/div>\n\t\t\t\t\t<\/div>\n\t\t<\/div>\n\t\t\t\t\t<\/div>\n\t\t<\/section>\n\t\t\t\t<\/div>\n\t\t","protected":false},"excerpt":{"rendered":"<p>Om cookies Intelliplan bruker informasjonskapsler p\u00e5 dette nettstedet for \u00e5 forbedre brukeropplevelsen for deg som bes\u00f8kende. N\u00e5r informasjonskapsler brukes, er det Intelliplans ansvar \u00e5 informere deg om: At nettstedet inneholder informasjonskapsler Hva informasjonskapsler er og hva de brukes til Hvorfor Intelliplan velger \u00e5 bruke informasjonskapsler Slik sl\u00e5r du av informasjonskapsler Hvordan du kan kontakte Intelliplan [&hellip;]<\/p>\n","protected":false},"author":1,"featured_media":0,"parent":0,"menu_order":0,"comment_status":"closed","ping_status":"closed","template":"","meta":{"footnotes":""},"class_list":["post-657","page","type-page","status-publish","hentry"],"yoast_head":"<!-- This site is optimized with the Yoast SEO plugin v27.0 - https:\/\/yoast.com\/product\/yoast-seo-wordpress\/ -->\n<title>Om cookies - Intelliplan Norsk<\/title>\n<meta name=\"robots\" content=\"index, follow, max-snippet:-1, max-image-preview:large, max-video-preview:-1\" \/>\n<link rel=\"canonical\" href=\"https:\/\/www.intelliplan.se\/no\/om-cookies\/\" \/>\n<meta property=\"og:locale\" content=\"sv_SE\" \/>\n<meta property=\"og:type\" content=\"article\" \/>\n<meta property=\"og:title\" content=\"Om cookies - Intelliplan Norsk\" \/>\n<meta property=\"og:description\" content=\"Om cookies Intelliplan bruker informasjonskapsler p\u00e5 dette nettstedet for \u00e5 forbedre brukeropplevelsen for deg som bes\u00f8kende. N\u00e5r informasjonskapsler brukes, er det Intelliplans ansvar \u00e5 informere deg om: At nettstedet inneholder informasjonskapsler Hva informasjonskapsler er og hva de brukes til Hvorfor Intelliplan velger \u00e5 bruke informasjonskapsler Slik sl\u00e5r du av informasjonskapsler Hvordan du kan kontakte Intelliplan [&hellip;]\" \/>\n<meta property=\"og:url\" content=\"https:\/\/www.intelliplan.se\/no\/om-cookies\/\" \/>\n<meta property=\"og:site_name\" content=\"Intelliplan Norsk\" \/>\n<meta property=\"article:modified_time\" content=\"2022-05-24T17:52:30+00:00\" \/>\n<meta name=\"twitter:card\" content=\"summary_large_image\" \/>\n<meta name=\"twitter:label1\" content=\"Ber\u00e4knad l\u00e4stid\" \/>\n\t<meta name=\"twitter:data1\" content=\"3 minuter\" \/>\n<script type=\"application\/ld+json\" class=\"yoast-schema-graph\">{\"@context\":\"https:\/\/schema.org\",\"@graph\":[{\"@type\":\"WebPage\",\"@id\":\"https:\/\/www.intelliplan.se\/no\/om-cookies\/\",\"url\":\"https:\/\/www.intelliplan.se\/no\/om-cookies\/\",\"name\":\"Om cookies - Intelliplan Norsk\",\"isPartOf\":{\"@id\":\"https:\/\/www.intelliplan.se\/no\/#website\"},\"datePublished\":\"2020-07-27T11:14:29+00:00\",\"dateModified\":\"2022-05-24T17:52:30+00:00\",\"breadcrumb\":{\"@id\":\"https:\/\/www.intelliplan.se\/no\/om-cookies\/#breadcrumb\"},\"inLanguage\":\"sv-SE\",\"potentialAction\":[{\"@type\":\"ReadAction\",\"target\":[\"https:\/\/www.intelliplan.se\/no\/om-cookies\/\"]}]},{\"@type\":\"BreadcrumbList\",\"@id\":\"https:\/\/www.intelliplan.se\/no\/om-cookies\/#breadcrumb\",\"itemListElement\":[{\"@type\":\"ListItem\",\"position\":1,\"name\":\"Hem\",\"item\":\"https:\/\/www.intelliplan.se\/no\/\"},{\"@type\":\"ListItem\",\"position\":2,\"name\":\"Om cookies\"}]},{\"@type\":\"WebSite\",\"@id\":\"https:\/\/www.intelliplan.se\/no\/#website\",\"url\":\"https:\/\/www.intelliplan.se\/no\/\",\"name\":\"Intelliplan Norsk\",\"description\":\"\",\"publisher\":{\"@id\":\"https:\/\/www.intelliplan.se\/no\/#organization\"},\"potentialAction\":[{\"@type\":\"SearchAction\",\"target\":{\"@type\":\"EntryPoint\",\"urlTemplate\":\"https:\/\/www.intelliplan.se\/no\/?s={search_term_string}\"},\"query-input\":{\"@type\":\"PropertyValueSpecification\",\"valueRequired\":true,\"valueName\":\"search_term_string\"}}],\"inLanguage\":\"sv-SE\"},{\"@type\":\"Organization\",\"@id\":\"https:\/\/www.intelliplan.se\/no\/#organization\",\"name\":\"Intelliplan Norsk\",\"url\":\"https:\/\/www.intelliplan.se\/no\/\",\"logo\":{\"@type\":\"ImageObject\",\"inLanguage\":\"sv-SE\",\"@id\":\"https:\/\/www.intelliplan.se\/no\/#\/schema\/logo\/image\/\",\"url\":\"https:\/\/www.intelliplan.se\/no\/wp-content\/uploads\/sites\/7\/2022\/08\/intelliplan_logotyp_100-1.png\",\"contentUrl\":\"https:\/\/www.intelliplan.se\/no\/wp-content\/uploads\/sites\/7\/2022\/08\/intelliplan_logotyp_100-1.png\",\"width\":100,\"height\":100,\"caption\":\"Intelliplan Norsk\"},\"image\":{\"@id\":\"https:\/\/www.intelliplan.se\/no\/#\/schema\/logo\/image\/\"}}]}<\/script>\n<!-- \/ Yoast SEO plugin. -->","yoast_head_json":{"title":"Om cookies - Intelliplan Norsk","robots":{"index":"index","follow":"follow","max-snippet":"max-snippet:-1","max-image-preview":"max-image-preview:large","max-video-preview":"max-video-preview:-1"},"canonical":"https:\/\/www.intelliplan.se\/no\/om-cookies\/","og_locale":"sv_SE","og_type":"article","og_title":"Om cookies - Intelliplan Norsk","og_description":"Om cookies Intelliplan bruker informasjonskapsler p\u00e5 dette nettstedet for \u00e5 forbedre brukeropplevelsen for deg som bes\u00f8kende. N\u00e5r informasjonskapsler brukes, er det Intelliplans ansvar \u00e5 informere deg om: At nettstedet inneholder informasjonskapsler Hva informasjonskapsler er og hva de brukes til Hvorfor Intelliplan velger \u00e5 bruke informasjonskapsler Slik sl\u00e5r du av informasjonskapsler Hvordan du kan kontakte Intelliplan [&hellip;]","og_url":"https:\/\/www.intelliplan.se\/no\/om-cookies\/","og_site_name":"Intelliplan Norsk","article_modified_time":"2022-05-24T17:52:30+00:00","twitter_card":"summary_large_image","twitter_misc":{"Ber\u00e4knad l\u00e4stid":"3 minuter"},"schema":{"@context":"https:\/\/schema.org","@graph":[{"@type":"WebPage","@id":"https:\/\/www.intelliplan.se\/no\/om-cookies\/","url":"https:\/\/www.intelliplan.se\/no\/om-cookies\/","name":"Om cookies - Intelliplan Norsk","isPartOf":{"@id":"https:\/\/www.intelliplan.se\/no\/#website"},"datePublished":"2020-07-27T11:14:29+00:00","dateModified":"2022-05-24T17:52:30+00:00","breadcrumb":{"@id":"https:\/\/www.intelliplan.se\/no\/om-cookies\/#breadcrumb"},"inLanguage":"sv-SE","potentialAction":[{"@type":"ReadAction","target":["https:\/\/www.intelliplan.se\/no\/om-cookies\/"]}]},{"@type":"BreadcrumbList","@id":"https:\/\/www.intelliplan.se\/no\/om-cookies\/#breadcrumb","itemListElement":[{"@type":"ListItem","position":1,"name":"Hem","item":"https:\/\/www.intelliplan.se\/no\/"},{"@type":"ListItem","position":2,"name":"Om cookies"}]},{"@type":"WebSite","@id":"https:\/\/www.intelliplan.se\/no\/#website","url":"https:\/\/www.intelliplan.se\/no\/","name":"Intelliplan Norsk","description":"","publisher":{"@id":"https:\/\/www.intelliplan.se\/no\/#organization"},"potentialAction":[{"@type":"SearchAction","target":{"@type":"EntryPoint","urlTemplate":"https:\/\/www.intelliplan.se\/no\/?s={search_term_string}"},"query-input":{"@type":"PropertyValueSpecification","valueRequired":true,"valueName":"search_term_string"}}],"inLanguage":"sv-SE"},{"@type":"Organization","@id":"https:\/\/www.intelliplan.se\/no\/#organization","name":"Intelliplan Norsk","url":"https:\/\/www.intelliplan.se\/no\/","logo":{"@type":"ImageObject","inLanguage":"sv-SE","@id":"https:\/\/www.intelliplan.se\/no\/#\/schema\/logo\/image\/","url":"https:\/\/www.intelliplan.se\/no\/wp-content\/uploads\/sites\/7\/2022\/08\/intelliplan_logotyp_100-1.png","contentUrl":"https:\/\/www.intelliplan.se\/no\/wp-content\/uploads\/sites\/7\/2022\/08\/intelliplan_logotyp_100-1.png","width":100,"height":100,"caption":"Intelliplan Norsk"},"image":{"@id":"https:\/\/www.intelliplan.se\/no\/#\/schema\/logo\/image\/"}}]}},"_links":{"self":[{"href":"https:\/\/www.intelliplan.se\/no\/wp-json\/wp\/v2\/pages\/657","targetHints":{"allow":["GET"]}}],"collection":[{"href":"https:\/\/www.intelliplan.se\/no\/wp-json\/wp\/v2\/pages"}],"about":[{"href":"https:\/\/www.intelliplan.se\/no\/wp-json\/wp\/v2\/types\/page"}],"author":[{"embeddable":true,"href":"https:\/\/www.intelliplan.se\/no\/wp-json\/wp\/v2\/users\/1"}],"replies":[{"embeddable":true,"href":"https:\/\/www.intelliplan.se\/no\/wp-json\/wp\/v2\/comments?post=657"}],"version-history":[{"count":25,"href":"https:\/\/www.intelliplan.se\/no\/wp-json\/wp\/v2\/pages\/657\/revisions"}],"predecessor-version":[{"id":1995,"href":"https:\/\/www.intelliplan.se\/no\/wp-json\/wp\/v2\/pages\/657\/revisions\/1995"}],"wp:attachment":[{"href":"https:\/\/www.intelliplan.se\/no\/wp-json\/wp\/v2\/media?parent=657"}],"curies":[{"name":"wp","href":"https:\/\/api.w.org\/{rel}","templated":true}]}}