{"id":655,"date":"2020-07-27T13:14:12","date_gmt":"2020-07-27T11:14:12","guid":{"rendered":"https:\/\/www.intelliplan.se\/no\/?page_id=655"},"modified":"2020-08-11T14:40:20","modified_gmt":"2020-08-11T12:40:20","slug":"personvern","status":"publish","type":"page","link":"https:\/\/www.intelliplan.se\/no\/personvern\/","title":{"rendered":"Personvern"},"content":{"rendered":"\t\t<div data-elementor-type=\"wp-page\" data-elementor-id=\"655\" class=\"elementor elementor-655\">\n\t\t\t\t\t\t<section class=\"elementor-section elementor-top-section elementor-element elementor-element-91144c4 elementor-section-boxed elementor-section-height-default elementor-section-height-default\" data-id=\"91144c4\" data-element_type=\"section\" data-e-type=\"section\" data-settings=\"{&quot;background_background&quot;:&quot;gradient&quot;,&quot;shape_divider_bottom&quot;:&quot;curve-asymmetrical&quot;}\">\n\t\t\t\t\t\t\t<div class=\"elementor-background-overlay\"><\/div>\n\t\t\t\t\t\t<div class=\"elementor-shape elementor-shape-bottom\" aria-hidden=\"true\" data-negative=\"false\">\n\t\t\t<svg xmlns=\"http:\/\/www.w3.org\/2000\/svg\" viewBox=\"0 0 1000 100\" preserveAspectRatio=\"none\">\n\t<path class=\"elementor-shape-fill\" d=\"M0,0c0,0,0,6,0,6.7c0,18,240.2,93.6,615.2,92.6C989.8,98.5,1000,25,1000,6.7c0-0.7,0-6.7,0-6.7H0z\"\/>\n<\/svg>\t\t<\/div>\n\t\t\t\t\t<div class=\"elementor-container elementor-column-gap-default\">\n\t\t\t\t\t<div class=\"aux-parallax-section elementor-column elementor-col-100 elementor-top-column elementor-element elementor-element-49c068c\" data-id=\"49c068c\" data-element_type=\"column\" data-e-type=\"column\">\n\t\t\t<div class=\"elementor-widget-wrap elementor-element-populated\">\n\t\t\t\t\t\t<div class=\"elementor-element elementor-element-58621cd elementor-widget elementor-widget-heading\" data-id=\"58621cd\" data-element_type=\"widget\" data-e-type=\"widget\" data-widget_type=\"heading.default\">\n\t\t\t\t<div class=\"elementor-widget-container\">\n\t\t\t\t\t<h1 class=\"elementor-heading-title elementor-size-default\">Personvern<\/h1>\t\t\t\t<\/div>\n\t\t\t\t<\/div>\n\t\t\t\t\t<\/div>\n\t\t<\/div>\n\t\t\t\t\t<\/div>\n\t\t<\/section>\n\t\t\t\t<section class=\"elementor-section elementor-top-section elementor-element elementor-element-3d46778 elementor-section-boxed elementor-section-height-default elementor-section-height-default\" data-id=\"3d46778\" data-element_type=\"section\" data-e-type=\"section\">\n\t\t\t\t\t\t<div class=\"elementor-container elementor-column-gap-default\">\n\t\t\t\t\t<div class=\"aux-parallax-section elementor-column elementor-col-100 elementor-top-column elementor-element elementor-element-1d036cd\" data-id=\"1d036cd\" data-element_type=\"column\" data-e-type=\"column\">\n\t\t\t<div class=\"elementor-widget-wrap elementor-element-populated\">\n\t\t\t\t\t\t<div class=\"elementor-element elementor-element-3f863b5 elementor-widget elementor-widget-heading\" data-id=\"3f863b5\" data-element_type=\"widget\" data-e-type=\"widget\" data-widget_type=\"heading.default\">\n\t\t\t\t<div class=\"elementor-widget-container\">\n\t\t\t\t\t<h3 class=\"elementor-heading-title elementor-size-default\">Form\u00e5l og bakgrunn<\/h3>\t\t\t\t<\/div>\n\t\t\t\t<\/div>\n\t\t\t\t<div class=\"elementor-element elementor-element-0bd5b51 elementor-widget elementor-widget-text-editor\" data-id=\"0bd5b51\" data-element_type=\"widget\" data-e-type=\"widget\" data-widget_type=\"text-editor.default\">\n\t\t\t\t<div class=\"elementor-widget-container\">\n\t\t\t\t\t\t\t\t\t<p>Vi bryr oss om kundenes integritet og kundenes tillit til oss. Denne tilliten er blant annet basert p\u00e5 hvordan vi h\u00e5ndterer kundenes personopplysninger. Hensikten er \u00e5 \u00f8ke \u00e5penheten i v\u00e5r behandling av personopplysninger og \u00e5 \u00f8ke beskyttelsen av personlig integritet.<\/p><p>All behandling av personopplysninger som brukes av Intelliplan skjer i samsvar med gjeldende personopplysningslovgivning. Innen EU \/ E\u00d8S gjelder databeskyttelsesforordningen (GDPR) fra 25. mai 2018.<\/p>\t\t\t\t\t\t\t\t<\/div>\n\t\t\t\t<\/div>\n\t\t\t\t<div class=\"elementor-element elementor-element-ce337c6 elementor-widget elementor-widget-heading\" data-id=\"ce337c6\" data-element_type=\"widget\" data-e-type=\"widget\" data-widget_type=\"heading.default\">\n\t\t\t\t<div class=\"elementor-widget-container\">\n\t\t\t\t\t<h3 class=\"elementor-heading-title elementor-size-default\">Personopplysningsansvarlig<\/h3>\t\t\t\t<\/div>\n\t\t\t\t<\/div>\n\t\t\t\t<div class=\"elementor-element elementor-element-2447e27 elementor-widget elementor-widget-text-editor\" data-id=\"2447e27\" data-element_type=\"widget\" data-e-type=\"widget\" data-widget_type=\"text-editor.default\">\n\t\t\t\t<div class=\"elementor-widget-container\">\n\t\t\t\t\t\t\t\t\t<p><strong>Personopplysningsansvarlig:<\/strong> Intelliplan AB<br \/><strong>Organisasjonsnummer:<\/strong> 556582-6848<br \/><strong>Adresse:<\/strong> Arenav\u00e4gen 39 121 77 Johanneshov, plan 8<br \/><strong>Kontakt p\u00e5 e-post:<\/strong> <a href=\"mailto:privacy@intelliplan.se\">privacy@intelliplan.se<\/a> och <a href=\"mailto:support@intelliplan.se\">support@intelliplan.se<\/a><br \/><strong>Kontakt p\u00e5 e-post:<\/strong> +46 8 600 90 20<\/p><p>Den som er ansvarlig for personopplysninger er \u00e5 bestemme form\u00e5let og metodene n\u00e5r personopplysninger blir samlet inn og behandlet, og er ansvarlig for at behandlingen skjer i samsvar med gjeldende lovverk. Intelliplan er ansvarlig for personopplysninger i innsamling og behandling av personopplysninger med det form\u00e5l \u00e5 utf\u00f8re sin forretningsdrift.<\/p><p>Intelliplans kunder (og brukere av tjenestene v\u00e5re) samler ogs\u00e5 inn personopplysninger for \u00e5 utf\u00f8re sin virksomhet. N\u00e5r dette skjer i regi av dem, er kunden v\u00e5r ansvarlig for personopplysninger og Intelliplan blir assistent av personopplysninger.<\/p>\t\t\t\t\t\t\t\t<\/div>\n\t\t\t\t<\/div>\n\t\t\t\t<div class=\"elementor-element elementor-element-b8951d8 elementor-widget elementor-widget-heading\" data-id=\"b8951d8\" data-element_type=\"widget\" data-e-type=\"widget\" data-widget_type=\"heading.default\">\n\t\t\t\t<div class=\"elementor-widget-container\">\n\t\t\t\t\t<h3 class=\"elementor-heading-title elementor-size-default\">Hva er en personlig informasjon?<\/h3>\t\t\t\t<\/div>\n\t\t\t\t<\/div>\n\t\t\t\t<div class=\"elementor-element elementor-element-bfa47e4 elementor-widget elementor-widget-text-editor\" data-id=\"bfa47e4\" data-element_type=\"widget\" data-e-type=\"widget\" data-widget_type=\"text-editor.default\">\n\t\t\t\t<div class=\"elementor-widget-container\">\n\t\t\t\t\t\t\t\t\t<p>Personopplysninger er informasjon som kan direkte eller indirekte knyttes til en fysisk levende person. Eksempler p\u00e5 personlig informasjon er navn, adresse, personlig eller annet identifikasjonsnummer, telefonnummer, e-postadresse, bilde, IP-nummer, etc.<\/p>\t\t\t\t\t\t\t\t<\/div>\n\t\t\t\t<\/div>\n\t\t\t\t<div class=\"elementor-element elementor-element-27ed18c elementor-widget elementor-widget-heading\" data-id=\"27ed18c\" data-element_type=\"widget\" data-e-type=\"widget\" data-widget_type=\"heading.default\">\n\t\t\t\t<div class=\"elementor-widget-container\">\n\t\t\t\t\t<h3 class=\"elementor-heading-title elementor-size-default\">Hvilken personlig informasjon samler vi inn?<\/h3>\t\t\t\t<\/div>\n\t\t\t\t<\/div>\n\t\t\t\t<div class=\"elementor-element elementor-element-088249c elementor-widget elementor-widget-text-editor\" data-id=\"088249c\" data-element_type=\"widget\" data-e-type=\"widget\" data-widget_type=\"text-editor.default\">\n\t\t\t\t<div class=\"elementor-widget-container\">\n\t\t\t\t\t\t\t\t\t<p>Leveransen v\u00e5r best\u00e5r for det meste av IT-baserte tjenester som vanligvis leveres til kunder vi har leveringsavtale med. Leveringsavtalen gir oss tilgang (og betingelser) til personopplysningene vi trenger for \u00e5 kunne levere tjenestene leveringsavtalen gjelder.<\/p><p>Noen ganger mottar vi oppdrag, for eksempel via v\u00e5r servicedesk, fra kunder som ikke har leveringsavtale med oss. I disse tilfellene samler vi informasjonen vi trenger for \u00e5 kunne l\u00f8se problemet. N\u00e5r du kontakter oss via v\u00e5r kundeservice (f.eks. via e-post, telefon eller n\u00e5r du fyller ut din personlige informasjon i kontaktskjemaet som er tilgjengelig p\u00e5 v\u00e5r hjemmeside), kan vi lagre informasjon om deg som er n\u00f8dvendig for \u00e5 l\u00f8se dine saken.<\/p><p>For \u00e5 lette og optimalisere ytelsen til v\u00e5re tjenester samler vi ogs\u00e5 inn visse personopplysninger under bruken av tjenesten. Det kan dreie seg om for eksempel:<\/p><ul><li>For \u00e5 la systemet gjenkjenne tilbakevendende brukere for \u00e5 kunne tilpasse navigasjonen, informasjonen og funksjonene.<\/li><li>For \u00e5 lette brukerens bruk ved for eksempel \u00e5 huske tidligere valg og la dem legge inn favoritter\/snarveier for programmer og tjenester.<\/li><li>\u00c5 utvikle og forbedre tjenesten ved \u00e5 forst\u00e5 hvordan den brukes.<\/li><li>For \u00e5 beregne og rapportere transaksjoner, antall brukere og trafikk.<\/li><\/ul><p>Vi jobber alltid etter prinsippet om \u00e5 samle s\u00e5 lite informasjon som n\u00f8dvendig. For \u00e5 holde din personlige informasjon oppdatert og korrekt, kan vi samle inn informasjon fra private og offentlige registre. Vi gjennomg\u00e5r ogs\u00e5 regelmessige personopplysninger og tynner ut hva som ikke lenger er relevant. Dine personopplysninger lagres ikke lenger enn det som er n\u00f8dvendig for \u00e5 oppfylle form\u00e5lene. Din personlige informasjon blir tynnet ut eller anonymisert n\u00e5r den ikke lenger er relevant for form\u00e5lene den ble samlet inn for.<\/p>\t\t\t\t\t\t\t\t<\/div>\n\t\t\t\t<\/div>\n\t\t\t\t<div class=\"elementor-element elementor-element-e4ad9ea elementor-widget elementor-widget-heading\" data-id=\"e4ad9ea\" data-element_type=\"widget\" data-e-type=\"widget\" data-widget_type=\"heading.default\">\n\t\t\t\t<div class=\"elementor-widget-container\">\n\t\t\t\t\t<h3 class=\"elementor-heading-title elementor-size-default\">Identitetskontroll<\/h3>\t\t\t\t<\/div>\n\t\t\t\t<\/div>\n\t\t\t\t<div class=\"elementor-element elementor-element-85a3f4c elementor-widget elementor-widget-text-editor\" data-id=\"85a3f4c\" data-element_type=\"widget\" data-e-type=\"widget\" data-widget_type=\"text-editor.default\">\n\t\t\t\t<div class=\"elementor-widget-container\">\n\t\t\t\t\t\t\t\t\t<p>For \u00e5 sikre at lovverket ikke blir misbrukt, har vi et ansvar for \u00e5 ta alle rimelige skritt for \u00e5 sikre din identitet i kontakter ang\u00e5ende dine personopplysninger. Avhengig av hva kontakten refererer til, kan vi derfor kreve at du kan bevise identiteten din p\u00e5 en passende m\u00e5te.<\/p>\t\t\t\t\t\t\t\t<\/div>\n\t\t\t\t<\/div>\n\t\t\t\t<div class=\"elementor-element elementor-element-0070b07 elementor-widget elementor-widget-heading\" data-id=\"0070b07\" data-element_type=\"widget\" data-e-type=\"widget\" data-widget_type=\"heading.default\">\n\t\t\t\t<div class=\"elementor-widget-container\">\n\t\t\t\t\t<h3 class=\"elementor-heading-title elementor-size-default\">Det juridiske grunnlaget for v\u00e5r h\u00e5ndtering<\/h3>\t\t\t\t<\/div>\n\t\t\t\t<\/div>\n\t\t\t\t<div class=\"elementor-element elementor-element-7ca2f82 elementor-widget elementor-widget-text-editor\" data-id=\"7ca2f82\" data-element_type=\"widget\" data-e-type=\"widget\" data-widget_type=\"text-editor.default\">\n\t\t\t\t<div class=\"elementor-widget-container\">\n\t\t\t\t\t\t\t\t\t<p>N\u00e5r du sender oss e-post, er selskapets policy \u00e5 minimere spredningen av din personlige informasjon s\u00e5 langt det er mulig.<\/p><p>V\u00e5r policy er at v\u00e5re ansatte i sin m\u00e5nedlige rutine m\u00e5 behandle og slette e-postene fra innboksen. E-postene skal enten slettes eller flyttes fra innboksen til et annet sted, for eksempel til en saksmappe, kundemappe eller til et program. Det m\u00e5 alltid v\u00e6re et klart grunnlag for hvorfor personopplysninger behandles. N\u00e5r e-posten flyttes, vil den ogs\u00e5 bli slettet fra innboksen, slik at ingen personlig informasjon blir liggende der. Dette betyr at personopplysningene vi lagrer nylig har kommet til oss eller blir lagret med et tydelig grunnlag.<\/p><p>V\u00e5r lagringspolicy for all v\u00e5r behandling av personopplysninger er at ingen personopplysninger skal lagres un\u00f8dvendig. N\u00e5r en sak avgj\u00f8res, m\u00e5 personopplysningene slettes eller anonymiseres, og bare informasjonen som m\u00e5 lagres, blir lagret. Dette skjer da p\u00e5 et annet grunnlag, for eksempel regnskapsloven. Alle andre personopplysninger m\u00e5 slettes.<\/p><p>V\u00e5r policy er ogs\u00e5 \u00e5 sende personlig informasjon p\u00e5 e-post s\u00e5 lite som mulig. Vi pr\u00f8ver \u00e5 minimere personene som er kopiert (CC) i all v\u00e5r korrespondanse for \u00e5 minimere spredningen av personopplysninger via e-post.<\/p><p>V\u00e5re ansatte er oppl\u00e6rt i v\u00e5r e-postpolicy. Oppl\u00e6ring i personvernreglene v\u00e5re er ogs\u00e5 inkludert i oppl\u00e6ringen som hver ny ansatt f\u00e5r. Vi overv\u00e5ker ogs\u00e5 kontinuerlig at policyen overholdes.<\/p>\t\t\t\t\t\t\t\t<\/div>\n\t\t\t\t<\/div>\n\t\t\t\t<div class=\"elementor-element elementor-element-549a24e elementor-widget elementor-widget-heading\" data-id=\"549a24e\" data-element_type=\"widget\" data-e-type=\"widget\" data-widget_type=\"heading.default\">\n\t\t\t\t<div class=\"elementor-widget-container\">\n\t\t\t\t\t<h3 class=\"elementor-heading-title elementor-size-default\">E-post<\/h3>\t\t\t\t<\/div>\n\t\t\t\t<\/div>\n\t\t\t\t<div class=\"elementor-element elementor-element-aee647f elementor-widget elementor-widget-text-editor\" data-id=\"aee647f\" data-element_type=\"widget\" data-e-type=\"widget\" data-widget_type=\"text-editor.default\">\n\t\t\t\t<div class=\"elementor-widget-container\">\n\t\t\t\t\t\t\t\t\t<p>Intelliplan har til hensikt \u00e5 behandle personopplysninger som er gitt til oss i forbindelse med registrering p\u00e5 nettstedet, e-post, seminar, sosiale medier, abonnement p\u00e5 nyhetsbrev og lignende organer, i sin kapasitet som kontroller av personopplysninger.<\/p><p>Ved \u00e5 registrere personlig informasjon hos oss, samtykker du i at Intelliplan bruker informasjonen for \u00e5 forbedre v\u00e5re tjenester, produkter, tjenester eller lignende, informere om status for p\u00e5g\u00e5ende og kommende hendelser og gjennomf\u00f8re kundeunders\u00f8kelser. Ved \u00e5 registrere deg hos oss samtykker du ogs\u00e5 til \u00e5 motta informasjons- og markedsf\u00f8ringsmateriell via e-post, telefon, per post eller p\u00e5 lignende m\u00e5te.<\/p><p>Hvis du ikke vil delta i tilbud og \/ eller markedsf\u00f8ring, kan du kontakte oss. Vi f\u00f8rer et personopplysningsregister over hvilken informasjon vi samler inn, i hvilke systemer vi gj\u00f8r det og hvilket rettslig grunnlag som samlingen bygger p\u00e5. Det kan ogs\u00e5 hende at personopplysningene dine blir behandlet p\u00e5 flere forskjellige juridiske grunner.<\/p><p>Du har rett til \u00e5 motta informasjon fra Intelliplan om behandlingen av personopplysningene som ang\u00e5r deg. Du har rett til informasjon om det rettslige grunnlaget som en gitt personlig informasjon blir samlet inn p\u00e5. Du har ogs\u00e5 rett til \u00e5 trekke tilbake ditt samtykke, v\u00e5r behandling er basert p\u00e5 det. (Imidlertid kan dine personopplysninger fortsette \u00e5 behandles basert p\u00e5 et annet juridisk grunnlag, for eksempel regnskapsloven.)<\/p>\t\t\t\t\t\t\t\t<\/div>\n\t\t\t\t<\/div>\n\t\t\t\t<div class=\"elementor-element elementor-element-5b05688 elementor-widget elementor-widget-heading\" data-id=\"5b05688\" data-element_type=\"widget\" data-e-type=\"widget\" data-widget_type=\"heading.default\">\n\t\t\t\t<div class=\"elementor-widget-container\">\n\t\t\t\t\t<h3 class=\"elementor-heading-title elementor-size-default\">Utlevering av personopplysninger<\/h3>\t\t\t\t<\/div>\n\t\t\t\t<\/div>\n\t\t\t\t<div class=\"elementor-element elementor-element-62f3edf elementor-widget elementor-widget-text-editor\" data-id=\"62f3edf\" data-element_type=\"widget\" data-e-type=\"widget\" data-widget_type=\"text-editor.default\">\n\t\t\t\t<div class=\"elementor-widget-container\">\n\t\t\t\t\t\t\t\t\t<p>Vi bruker flere forskjellige IT-tjenester og IT-systemer i v\u00e5r virksomhet. Noen av disse systemene lagrer informasjon i lokale systemer hos oss, mens andre data lagres hos en av v\u00e5re leverand\u00f8rer. I disse tilfellene er leverand\u00f8ren v\u00e5r personopplysningsassistent som behandler dataene p\u00e5 v\u00e5re vegne og utelukkende i samsvar med v\u00e5re instruksjoner.<\/p>\t\t\t\t\t\t\t\t<\/div>\n\t\t\t\t<\/div>\n\t\t\t\t<div class=\"elementor-element elementor-element-9b008fe elementor-widget elementor-widget-heading\" data-id=\"9b008fe\" data-element_type=\"widget\" data-e-type=\"widget\" data-widget_type=\"heading.default\">\n\t\t\t\t<div class=\"elementor-widget-container\">\n\t\t\t\t\t<h3 class=\"elementor-heading-title elementor-size-default\">Tid for lagring<\/h3>\t\t\t\t<\/div>\n\t\t\t\t<\/div>\n\t\t\t\t<div class=\"elementor-element elementor-element-e8ba736 elementor-widget elementor-widget-text-editor\" data-id=\"e8ba736\" data-element_type=\"widget\" data-e-type=\"widget\" data-widget_type=\"text-editor.default\">\n\t\t\t\t<div class=\"elementor-widget-container\">\n\t\t\t\t\t\t\t\t\t<p>Dine personopplysninger lagres ikke lenger enn det som er n\u00f8dvendig for \u00e5 oppfylle form\u00e5let med behandlingen. Din personlige informasjon blir tynnet eller anonymisert n\u00e5r den ikke lenger er relevant for de form\u00e5lene den ble samlet inn for.<\/p>\t\t\t\t\t\t\t\t<\/div>\n\t\t\t\t<\/div>\n\t\t\t\t<div class=\"elementor-element elementor-element-a2519b1 elementor-widget elementor-widget-heading\" data-id=\"a2519b1\" data-element_type=\"widget\" data-e-type=\"widget\" data-widget_type=\"heading.default\">\n\t\t\t\t<div class=\"elementor-widget-container\">\n\t\t\t\t\t<h3 class=\"elementor-heading-title elementor-size-default\">Ytterligere sp\u00f8rsm\u00e5l eller opptrapping til tilsynsmyndighet<\/h3>\t\t\t\t<\/div>\n\t\t\t\t<\/div>\n\t\t\t\t<div class=\"elementor-element elementor-element-c3ed4de elementor-widget elementor-widget-text-editor\" data-id=\"c3ed4de\" data-element_type=\"widget\" data-e-type=\"widget\" data-widget_type=\"text-editor.default\">\n\t\t\t\t<div class=\"elementor-widget-container\">\n\t\t\t\t\t\t\t\t\t<p>Hvis du har sp\u00f8rsm\u00e5l ang\u00e5ende hvordan en av v\u00e5re kunder behandler dine personopplysninger, ber vi deg om \u00e5 kontakte kundens virksomhet direkte.<\/p><p>Du kan selvf\u00f8lgelig ogs\u00e5 kontakte oss hvis ovenst\u00e5ende f\u00f8les uklart eller hvis du har sp\u00f8rsm\u00e5l til oss om v\u00e5r behandling av dine personopplysninger (<a href=\"mailto:privacy@intelliplan.se\">privacy@intelliplan.se<\/a>).<\/p><p>Du har alltid rett til \u00e5 eskalere saker som ang\u00e5r v\u00e5r behandling av dine personopplysninger til en tilsynsmyndighet som i v\u00e5rt tilfelle er Personvernvernmyndigheten (tidligere det svenske Datatilsynet). For kontaktinformasjon, se <a href=\"https:\/\/www.datainspektionen.se\">www.datainspektionen.se<\/a>.<\/p>\t\t\t\t\t\t\t\t<\/div>\n\t\t\t\t<\/div>\n\t\t\t\t\t<\/div>\n\t\t<\/div>\n\t\t\t\t\t<\/div>\n\t\t<\/section>\n\t\t\t\t<\/div>\n\t\t","protected":false},"excerpt":{"rendered":"<p>Personvern Form\u00e5l og bakgrunn Vi bryr oss om kundenes integritet og kundenes tillit til oss. Denne tilliten er blant annet basert p\u00e5 hvordan vi h\u00e5ndterer kundenes personopplysninger. Hensikten er \u00e5 \u00f8ke \u00e5penheten i v\u00e5r behandling av personopplysninger og \u00e5 \u00f8ke beskyttelsen av personlig integritet. All behandling av personopplysninger som brukes av Intelliplan skjer i samsvar [&hellip;]<\/p>\n","protected":false},"author":1,"featured_media":0,"parent":0,"menu_order":0,"comment_status":"closed","ping_status":"closed","template":"","meta":{"footnotes":""},"class_list":["post-655","page","type-page","status-publish","hentry"],"yoast_head":"<!-- This site is optimized with the Yoast SEO plugin v27.0 - https:\/\/yoast.com\/product\/yoast-seo-wordpress\/ -->\n<title>Personvern - Intelliplan Norsk<\/title>\n<meta name=\"robots\" content=\"index, follow, max-snippet:-1, max-image-preview:large, max-video-preview:-1\" \/>\n<link rel=\"canonical\" href=\"https:\/\/www.intelliplan.se\/no\/personvern\/\" \/>\n<meta property=\"og:locale\" content=\"sv_SE\" \/>\n<meta property=\"og:type\" content=\"article\" \/>\n<meta property=\"og:title\" content=\"Personvern - Intelliplan Norsk\" \/>\n<meta property=\"og:description\" content=\"Personvern Form\u00e5l og bakgrunn Vi bryr oss om kundenes integritet og kundenes tillit til oss. Denne tilliten er blant annet basert p\u00e5 hvordan vi h\u00e5ndterer kundenes personopplysninger. Hensikten er \u00e5 \u00f8ke \u00e5penheten i v\u00e5r behandling av personopplysninger og \u00e5 \u00f8ke beskyttelsen av personlig integritet. All behandling av personopplysninger som brukes av Intelliplan skjer i samsvar [&hellip;]\" \/>\n<meta property=\"og:url\" content=\"https:\/\/www.intelliplan.se\/no\/personvern\/\" \/>\n<meta property=\"og:site_name\" content=\"Intelliplan Norsk\" \/>\n<meta property=\"article:modified_time\" content=\"2020-08-11T12:40:20+00:00\" \/>\n<meta name=\"twitter:card\" content=\"summary_large_image\" \/>\n<meta name=\"twitter:label1\" content=\"Ber\u00e4knad l\u00e4stid\" \/>\n\t<meta name=\"twitter:data1\" content=\"6 minuter\" \/>\n<script type=\"application\/ld+json\" class=\"yoast-schema-graph\">{\"@context\":\"https:\/\/schema.org\",\"@graph\":[{\"@type\":\"WebPage\",\"@id\":\"https:\/\/www.intelliplan.se\/no\/personvern\/\",\"url\":\"https:\/\/www.intelliplan.se\/no\/personvern\/\",\"name\":\"Personvern - Intelliplan Norsk\",\"isPartOf\":{\"@id\":\"https:\/\/www.intelliplan.se\/no\/#website\"},\"datePublished\":\"2020-07-27T11:14:12+00:00\",\"dateModified\":\"2020-08-11T12:40:20+00:00\",\"breadcrumb\":{\"@id\":\"https:\/\/www.intelliplan.se\/no\/personvern\/#breadcrumb\"},\"inLanguage\":\"sv-SE\",\"potentialAction\":[{\"@type\":\"ReadAction\",\"target\":[\"https:\/\/www.intelliplan.se\/no\/personvern\/\"]}]},{\"@type\":\"BreadcrumbList\",\"@id\":\"https:\/\/www.intelliplan.se\/no\/personvern\/#breadcrumb\",\"itemListElement\":[{\"@type\":\"ListItem\",\"position\":1,\"name\":\"Hem\",\"item\":\"https:\/\/www.intelliplan.se\/no\/\"},{\"@type\":\"ListItem\",\"position\":2,\"name\":\"Personvern\"}]},{\"@type\":\"WebSite\",\"@id\":\"https:\/\/www.intelliplan.se\/no\/#website\",\"url\":\"https:\/\/www.intelliplan.se\/no\/\",\"name\":\"Intelliplan Norsk\",\"description\":\"\",\"publisher\":{\"@id\":\"https:\/\/www.intelliplan.se\/no\/#organization\"},\"potentialAction\":[{\"@type\":\"SearchAction\",\"target\":{\"@type\":\"EntryPoint\",\"urlTemplate\":\"https:\/\/www.intelliplan.se\/no\/?s={search_term_string}\"},\"query-input\":{\"@type\":\"PropertyValueSpecification\",\"valueRequired\":true,\"valueName\":\"search_term_string\"}}],\"inLanguage\":\"sv-SE\"},{\"@type\":\"Organization\",\"@id\":\"https:\/\/www.intelliplan.se\/no\/#organization\",\"name\":\"Intelliplan Norsk\",\"url\":\"https:\/\/www.intelliplan.se\/no\/\",\"logo\":{\"@type\":\"ImageObject\",\"inLanguage\":\"sv-SE\",\"@id\":\"https:\/\/www.intelliplan.se\/no\/#\/schema\/logo\/image\/\",\"url\":\"https:\/\/www.intelliplan.se\/no\/wp-content\/uploads\/sites\/7\/2022\/08\/intelliplan_logotyp_100-1.png\",\"contentUrl\":\"https:\/\/www.intelliplan.se\/no\/wp-content\/uploads\/sites\/7\/2022\/08\/intelliplan_logotyp_100-1.png\",\"width\":100,\"height\":100,\"caption\":\"Intelliplan Norsk\"},\"image\":{\"@id\":\"https:\/\/www.intelliplan.se\/no\/#\/schema\/logo\/image\/\"}}]}<\/script>\n<!-- \/ Yoast SEO plugin. -->","yoast_head_json":{"title":"Personvern - Intelliplan Norsk","robots":{"index":"index","follow":"follow","max-snippet":"max-snippet:-1","max-image-preview":"max-image-preview:large","max-video-preview":"max-video-preview:-1"},"canonical":"https:\/\/www.intelliplan.se\/no\/personvern\/","og_locale":"sv_SE","og_type":"article","og_title":"Personvern - Intelliplan Norsk","og_description":"Personvern Form\u00e5l og bakgrunn Vi bryr oss om kundenes integritet og kundenes tillit til oss. Denne tilliten er blant annet basert p\u00e5 hvordan vi h\u00e5ndterer kundenes personopplysninger. Hensikten er \u00e5 \u00f8ke \u00e5penheten i v\u00e5r behandling av personopplysninger og \u00e5 \u00f8ke beskyttelsen av personlig integritet. All behandling av personopplysninger som brukes av Intelliplan skjer i samsvar [&hellip;]","og_url":"https:\/\/www.intelliplan.se\/no\/personvern\/","og_site_name":"Intelliplan Norsk","article_modified_time":"2020-08-11T12:40:20+00:00","twitter_card":"summary_large_image","twitter_misc":{"Ber\u00e4knad l\u00e4stid":"6 minuter"},"schema":{"@context":"https:\/\/schema.org","@graph":[{"@type":"WebPage","@id":"https:\/\/www.intelliplan.se\/no\/personvern\/","url":"https:\/\/www.intelliplan.se\/no\/personvern\/","name":"Personvern - Intelliplan Norsk","isPartOf":{"@id":"https:\/\/www.intelliplan.se\/no\/#website"},"datePublished":"2020-07-27T11:14:12+00:00","dateModified":"2020-08-11T12:40:20+00:00","breadcrumb":{"@id":"https:\/\/www.intelliplan.se\/no\/personvern\/#breadcrumb"},"inLanguage":"sv-SE","potentialAction":[{"@type":"ReadAction","target":["https:\/\/www.intelliplan.se\/no\/personvern\/"]}]},{"@type":"BreadcrumbList","@id":"https:\/\/www.intelliplan.se\/no\/personvern\/#breadcrumb","itemListElement":[{"@type":"ListItem","position":1,"name":"Hem","item":"https:\/\/www.intelliplan.se\/no\/"},{"@type":"ListItem","position":2,"name":"Personvern"}]},{"@type":"WebSite","@id":"https:\/\/www.intelliplan.se\/no\/#website","url":"https:\/\/www.intelliplan.se\/no\/","name":"Intelliplan Norsk","description":"","publisher":{"@id":"https:\/\/www.intelliplan.se\/no\/#organization"},"potentialAction":[{"@type":"SearchAction","target":{"@type":"EntryPoint","urlTemplate":"https:\/\/www.intelliplan.se\/no\/?s={search_term_string}"},"query-input":{"@type":"PropertyValueSpecification","valueRequired":true,"valueName":"search_term_string"}}],"inLanguage":"sv-SE"},{"@type":"Organization","@id":"https:\/\/www.intelliplan.se\/no\/#organization","name":"Intelliplan Norsk","url":"https:\/\/www.intelliplan.se\/no\/","logo":{"@type":"ImageObject","inLanguage":"sv-SE","@id":"https:\/\/www.intelliplan.se\/no\/#\/schema\/logo\/image\/","url":"https:\/\/www.intelliplan.se\/no\/wp-content\/uploads\/sites\/7\/2022\/08\/intelliplan_logotyp_100-1.png","contentUrl":"https:\/\/www.intelliplan.se\/no\/wp-content\/uploads\/sites\/7\/2022\/08\/intelliplan_logotyp_100-1.png","width":100,"height":100,"caption":"Intelliplan Norsk"},"image":{"@id":"https:\/\/www.intelliplan.se\/no\/#\/schema\/logo\/image\/"}}]}},"_links":{"self":[{"href":"https:\/\/www.intelliplan.se\/no\/wp-json\/wp\/v2\/pages\/655","targetHints":{"allow":["GET"]}}],"collection":[{"href":"https:\/\/www.intelliplan.se\/no\/wp-json\/wp\/v2\/pages"}],"about":[{"href":"https:\/\/www.intelliplan.se\/no\/wp-json\/wp\/v2\/types\/page"}],"author":[{"embeddable":true,"href":"https:\/\/www.intelliplan.se\/no\/wp-json\/wp\/v2\/users\/1"}],"replies":[{"embeddable":true,"href":"https:\/\/www.intelliplan.se\/no\/wp-json\/wp\/v2\/comments?post=655"}],"version-history":[{"count":41,"href":"https:\/\/www.intelliplan.se\/no\/wp-json\/wp\/v2\/pages\/655\/revisions"}],"predecessor-version":[{"id":1903,"href":"https:\/\/www.intelliplan.se\/no\/wp-json\/wp\/v2\/pages\/655\/revisions\/1903"}],"wp:attachment":[{"href":"https:\/\/www.intelliplan.se\/no\/wp-json\/wp\/v2\/media?parent=655"}],"curies":[{"name":"wp","href":"https:\/\/api.w.org\/{rel}","templated":true}]}}