{"id":3329,"date":"2022-05-11T13:08:34","date_gmt":"2022-05-11T11:08:34","guid":{"rendered":"https:\/\/www.intelliplan.se\/en-ny\/?page_id=3329"},"modified":"2023-04-12T13:23:06","modified_gmt":"2023-04-12T11:23:06","slug":"video-recruitment","status":"publish","type":"page","link":"https:\/\/www.intelliplan.se\/en\/video-recruitment\/","title":{"rendered":"Video recruitment"},"content":{"rendered":"\t\t<div data-elementor-type=\"wp-page\" data-elementor-id=\"3329\" class=\"elementor elementor-3329\">\n\t\t\t\t\t\t<section class=\"elementor-section elementor-top-section elementor-element elementor-element-664707c elementor-section-boxed elementor-section-height-default elementor-section-height-default\" data-id=\"664707c\" data-element_type=\"section\" data-e-type=\"section\" data-settings=\"{&quot;background_background&quot;:&quot;gradient&quot;,&quot;shape_divider_bottom&quot;:&quot;curve-asymmetrical&quot;}\">\n\t\t\t\t\t\t\t<div class=\"elementor-background-overlay\"><\/div>\n\t\t\t\t\t\t<div class=\"elementor-shape elementor-shape-bottom\" aria-hidden=\"true\" data-negative=\"false\">\n\t\t\t<svg xmlns=\"http:\/\/www.w3.org\/2000\/svg\" viewBox=\"0 0 1000 100\" preserveAspectRatio=\"none\">\n\t<path class=\"elementor-shape-fill\" d=\"M0,0c0,0,0,6,0,6.7c0,18,240.2,93.6,615.2,92.6C989.8,98.5,1000,25,1000,6.7c0-0.7,0-6.7,0-6.7H0z\"\/>\n<\/svg>\t\t<\/div>\n\t\t\t\t\t<div class=\"elementor-container elementor-column-gap-default\">\n\t\t\t\t\t<div class=\"aux-parallax-section elementor-column elementor-col-100 elementor-top-column elementor-element elementor-element-91ce3ed\" data-id=\"91ce3ed\" data-element_type=\"column\" data-e-type=\"column\">\n\t\t\t<div class=\"elementor-widget-wrap elementor-element-populated\">\n\t\t\t\t\t\t<div class=\"elementor-element elementor-element-7ace711 elementor-widget elementor-widget-heading\" data-id=\"7ace711\" data-element_type=\"widget\" data-e-type=\"widget\" data-widget_type=\"heading.default\">\n\t\t\t\t<div class=\"elementor-widget-container\">\n\t\t\t\t\t<h1 class=\"elementor-heading-title elementor-size-default\">Video recruitment<\/h1>\t\t\t\t<\/div>\n\t\t\t\t<\/div>\n\t\t\t\t\t<\/div>\n\t\t<\/div>\n\t\t\t\t\t<\/div>\n\t\t<\/section>\n\t\t\t\t<section class=\"elementor-section elementor-top-section elementor-element elementor-element-a8888e3 elementor-section-boxed elementor-section-height-default elementor-section-height-default\" data-id=\"a8888e3\" data-element_type=\"section\" data-e-type=\"section\">\n\t\t\t\t\t\t<div class=\"elementor-container elementor-column-gap-default\">\n\t\t\t\t\t<div class=\"aux-parallax-section elementor-column elementor-col-100 elementor-top-column elementor-element elementor-element-2474c39\" data-id=\"2474c39\" data-element_type=\"column\" data-e-type=\"column\">\n\t\t\t<div class=\"elementor-widget-wrap elementor-element-populated\">\n\t\t\t\t\t\t<div class=\"elementor-element elementor-element-906e4c9 elementor-widget__width-inherit elementor-widget elementor-widget-text-editor\" data-id=\"906e4c9\" data-element_type=\"widget\" data-e-type=\"widget\" data-widget_type=\"text-editor.default\">\n\t\t\t\t<div class=\"elementor-widget-container\">\n\t\t\t\t\t\t\t\t\t<h2>How does video recruitment work?<\/h2><p>Zerolime&#8217;s video interviews work by allowing the recruiter to select which questions they want the candidates to answer. Candidates can then conduct their interview via their phone at a convenient time.<\/p><p>Candidates are unable to pause or restart the interview, creating conditions similar to an in-person interview. This allows for a natural and truthful impression of the candidate, rather than a rehearsed or memorized one.<\/p><p>With video recruitment, you can quickly gain a good understanding of the candidates, and this can replace a first phone call. It provides a deeper understanding of candidates than just reviewing a CV while saving time on scheduling interviews that work for both parties.<\/p><h2>Advantages of video recruitment<\/h2><p><b>Equal recruitment<br \/><\/b>Since all candidates receive the same questions, they also have the same conditions. Factors such as tone of voice and answers can affect the recruiter&#8217;s follow-up questions and how they interpret the candidate. This problem is reduced with video recruitment.<\/p><p><span style=\"font-weight: 400;\"><strong>The interviews can be saved and reused<\/strong><br \/><\/span>Compared to traditional interviews, video interviews can be saved and reused for multiple recruitment occasions.<\/p><p><b>Save time<\/b><span style=\"font-weight: 400;\"><br \/><\/span>Video recruitment is excellent for screening large numbers of applicants. When the recruiter does not need to be present during the interview, it saves a lot of time and simplifies the recruitment process.<\/p>\t\t\t\t\t\t\t\t<\/div>\n\t\t\t\t<\/div>\n\t\t\t\t\t<\/div>\n\t\t<\/div>\n\t\t\t\t\t<\/div>\n\t\t<\/section>\n\t\t\t\t<section class=\"elementor-section elementor-top-section elementor-element elementor-element-8911c49 elementor-section-boxed elementor-section-height-default elementor-section-height-default\" data-id=\"8911c49\" data-element_type=\"section\" data-e-type=\"section\" id=\"section-contact\">\n\t\t\t\t\t\t<div class=\"elementor-container elementor-column-gap-default\">\n\t\t\t\t\t<div class=\"aux-parallax-section elementor-column elementor-col-100 elementor-top-column elementor-element elementor-element-a056a2a\" data-id=\"a056a2a\" data-element_type=\"column\" data-e-type=\"column\">\n\t\t\t<div class=\"elementor-widget-wrap elementor-element-populated\">\n\t\t\t\t\t\t<div class=\"elementor-element elementor-element-5e45b2e elementor-widget elementor-widget-heading\" data-id=\"5e45b2e\" data-element_type=\"widget\" data-e-type=\"widget\" data-widget_type=\"heading.default\">\n\t\t\t\t<div class=\"elementor-widget-container\">\n\t\t\t\t\t<h3 class=\"elementor-heading-title elementor-size-default\">Book free demo<\/h3>\t\t\t\t<\/div>\n\t\t\t\t<\/div>\n\t\t\t\t<div class=\"elementor-element elementor-element-00eb11f elementor-widget elementor-widget-text-editor\" data-id=\"00eb11f\" data-element_type=\"widget\" data-e-type=\"widget\" data-widget_type=\"text-editor.default\">\n\t\t\t\t<div class=\"elementor-widget-container\">\n\t\t\t\t\t\t\t\t\t<p>Are you looking for a really good recruitment system? Fill in the form below and we will contact you for a demo of Zerolime.<\/p>\t\t\t\t\t\t\t\t<\/div>\n\t\t\t\t<\/div>\n\t\t\t\t<div class=\"elementor-element elementor-element-886301a elementor-invisible elementor-widget elementor-widget-aux_contact_form\" data-id=\"886301a\" data-element_type=\"widget\" data-e-type=\"widget\" data-settings=\"{&quot;_animation&quot;:&quot;fadeIn&quot;}\" data-widget_type=\"aux_contact_form.default\">\n\t\t\t\t<div class=\"elementor-widget-container\">\n\t\t\t\t\t<section class=\"widget-container aux-widget-contact-form aux-parent-au56268154\">            <div class=\"aux-col-wrapper aux-no-gutter\">\n            <!-- @TODO - The output for element here -->\n\n            \n<div class=\"wpcf7 no-js\" id=\"wpcf7-f2003-o1\" lang=\"sv-SE\" dir=\"ltr\" data-wpcf7-id=\"2003\">\n<div class=\"screen-reader-response\"><p role=\"status\" aria-live=\"polite\" aria-atomic=\"true\"><\/p> <ul><\/ul><\/div>\n<form action=\"\/en\/wp-json\/wp\/v2\/pages\/3329#wpcf7-f2003-o1\" method=\"post\" class=\"wpcf7-form init 17d29566cc7a cmatic-conn cmatic-aud-11 cmatic-mapd0-0 cmatic-v0975 cmatic-sent-0 cmatic-total-0\" aria-label=\"Kontaktformul\u00e4r\" novalidate=\"novalidate\" data-status=\"init\">\n<fieldset class=\"hidden-fields-container\"><input type=\"hidden\" name=\"_wpcf7\" value=\"2003\" \/><input type=\"hidden\" name=\"_wpcf7_version\" value=\"6.1.5\" \/><input type=\"hidden\" name=\"_wpcf7_locale\" value=\"sv_SE\" \/><input type=\"hidden\" name=\"_wpcf7_unit_tag\" value=\"wpcf7-f2003-o1\" \/><input type=\"hidden\" name=\"_wpcf7_container_post\" value=\"0\" \/><input type=\"hidden\" name=\"_wpcf7_posted_data_hash\" value=\"\" \/><input type=\"hidden\" name=\"_wpcf7_recaptcha_response\" value=\"\" \/>\n<\/fieldset>\n<div>\n\t<p><span class=\"input\"><br \/>\n<span class=\"wpcf7-form-control-wrap\" data-name=\"your-name\"><input size=\"40\" maxlength=\"400\" class=\"wpcf7-form-control wpcf7-text wpcf7-validates-as-required\" id=\"input-name\" aria-required=\"true\" aria-invalid=\"false\" value=\"\" type=\"text\" name=\"your-name\" \/><\/span><label class=\"input-label\" for=\"input-name\"><span class=\"input-label-content\">Name <span>*<\/span><\/span><\/label><br \/>\n<\/span>\n\t<\/p>\n<\/div>\n<div>\n\t<p><span class=\"input\"><br \/>\n<span class=\"wpcf7-form-control-wrap\" data-name=\"your-company\"><input size=\"40\" maxlength=\"400\" class=\"wpcf7-form-control wpcf7-text wpcf7-validates-as-required\" id=\"input-company\" aria-required=\"true\" aria-invalid=\"false\" value=\"\" type=\"text\" name=\"your-company\" \/><\/span><label class=\"input-label\" for=\"input-company\"><span class=\"input-label-content\">Company <span>*<\/span><\/span><\/label><br \/>\n<\/span>\n\t<\/p>\n<\/div>\n<div>\n\t<p><span class=\"input\"><br \/>\n<span class=\"wpcf7-form-control-wrap\" data-name=\"your-email\"><input size=\"40\" maxlength=\"400\" class=\"wpcf7-form-control wpcf7-email wpcf7-validates-as-required wpcf7-text wpcf7-validates-as-email\" id=\"input-email\" aria-required=\"true\" aria-invalid=\"false\" value=\"\" type=\"email\" name=\"your-email\" \/><\/span><label class=\"input-label\" for=\"input-email\"><span class=\"input-label-content\">E-mail adress <span>*<\/span><\/span><\/label><br \/>\n<\/span>\n\t<\/p>\n<\/div>\n<div>\n\t<p><span class=\"input\"><br \/>\n<span class=\"wpcf7-form-control-wrap\" data-name=\"your-phone\"><input size=\"40\" maxlength=\"400\" class=\"wpcf7-form-control wpcf7-tel wpcf7-text wpcf7-validates-as-tel\" id=\"input-phone\" aria-invalid=\"false\" value=\"\" type=\"tel\" name=\"your-phone\" \/><\/span><label class=\"input-label\" for=\"input-phone\"><span class=\"input-label-content\">Phone number<\/span><\/label><br \/>\n<\/span>\n\t<\/p>\n<\/div>\n<div class=\"wpcf7-response-output\" aria-hidden=\"true\"><\/div>\n<p><span class=\"wpcf7-form-control-wrap\" data-name=\"acceptance-privacy-policy\"><span class=\"wpcf7-form-control wpcf7-acceptance\"><span class=\"wpcf7-list-item\"><label><input type=\"checkbox\" name=\"acceptance-privacy-policy\" value=\"1\" aria-invalid=\"false\" \/><span class=\"wpcf7-list-item-label\">I agree to the <a href=\"\/Privacy-policy\" target=\"_blank\">Privacy Policy<\/a><\/span><\/label><\/span><\/span><\/span><br \/>\n<input class=\"wpcf7-form-control wpcf7-submit has-spinner\" id=\"demo-form-submit\" type=\"submit\" value=\"Book free demo\" \/>\n<\/p>\n<\/form>\n<\/div>\n\n\n            <\/div><!-- aux-col-wrapper -->\n    <\/section><!-- widget-container -->\t\t\t\t<\/div>\n\t\t\t\t<\/div>\n\t\t\t\t\t<\/div>\n\t\t<\/div>\n\t\t\t\t\t<\/div>\n\t\t<\/section>\n\t\t\t\t<\/div>\n\t\t","protected":false},"excerpt":{"rendered":"<p>Video recruitment How does video recruitment work? Zerolime&#8217;s video interviews work by allowing the recruiter to select which questions they want the candidates to answer. Candidates can then conduct their interview via their phone at a convenient time. Candidates are unable to pause or restart the interview, creating conditions similar to an in-person interview. This [&hellip;]<\/p>\n","protected":false},"author":3,"featured_media":0,"parent":0,"menu_order":0,"comment_status":"closed","ping_status":"closed","template":"","meta":{"footnotes":""},"class_list":["post-3329","page","type-page","status-publish","hentry"],"yoast_head":"<!-- This site is optimized with the Yoast SEO plugin v27.0 - https:\/\/yoast.com\/product\/yoast-seo-wordpress\/ -->\n<title>Video recruitment<\/title>\n<meta name=\"description\" content=\"Effektivisera din rekryteringsprocess med videorekrytering. Spar tid, f\u00e5 en mer j\u00e4mst\u00e4lld rekrytering och f\u00f6rb\u00e4ttra kandidatupplevelsen.\" \/>\n<meta name=\"robots\" content=\"index, follow, max-snippet:-1, max-image-preview:large, max-video-preview:-1\" \/>\n<link rel=\"canonical\" href=\"https:\/\/www.intelliplan.se\/en\/video-recruitment\/\" \/>\n<meta property=\"og:locale\" content=\"sv_SE\" \/>\n<meta property=\"og:type\" content=\"article\" \/>\n<meta property=\"og:title\" content=\"Video recruitment\" \/>\n<meta property=\"og:description\" content=\"Effektivisera din rekryteringsprocess med videorekrytering. Spar tid, f\u00e5 en mer j\u00e4mst\u00e4lld rekrytering och f\u00f6rb\u00e4ttra kandidatupplevelsen.\" \/>\n<meta property=\"og:url\" content=\"https:\/\/www.intelliplan.se\/en\/video-recruitment\/\" \/>\n<meta property=\"og:site_name\" content=\"Ny engelsk site\" \/>\n<meta property=\"article:modified_time\" content=\"2023-04-12T11:23:06+00:00\" \/>\n<meta name=\"twitter:card\" content=\"summary_large_image\" \/>\n<meta name=\"twitter:label1\" content=\"Ber\u00e4knad l\u00e4stid\" \/>\n\t<meta name=\"twitter:data1\" content=\"2 minuter\" \/>\n<script type=\"application\/ld+json\" class=\"yoast-schema-graph\">{\"@context\":\"https:\/\/schema.org\",\"@graph\":[{\"@type\":\"WebPage\",\"@id\":\"https:\/\/www.intelliplan.se\/en\/video-recruitment\/\",\"url\":\"https:\/\/www.intelliplan.se\/en\/video-recruitment\/\",\"name\":\"Video recruitment\",\"isPartOf\":{\"@id\":\"https:\/\/www.intelliplan.se\/en\/#website\"},\"datePublished\":\"2022-05-11T11:08:34+00:00\",\"dateModified\":\"2023-04-12T11:23:06+00:00\",\"description\":\"Effektivisera din rekryteringsprocess med videorekrytering. Spar tid, f\u00e5 en mer j\u00e4mst\u00e4lld rekrytering och f\u00f6rb\u00e4ttra kandidatupplevelsen.\",\"breadcrumb\":{\"@id\":\"https:\/\/www.intelliplan.se\/en\/video-recruitment\/#breadcrumb\"},\"inLanguage\":\"sv-SE\",\"potentialAction\":[{\"@type\":\"ReadAction\",\"target\":[\"https:\/\/www.intelliplan.se\/en\/video-recruitment\/\"]}]},{\"@type\":\"BreadcrumbList\",\"@id\":\"https:\/\/www.intelliplan.se\/en\/video-recruitment\/#breadcrumb\",\"itemListElement\":[{\"@type\":\"ListItem\",\"position\":1,\"name\":\"Hem\",\"item\":\"https:\/\/www.intelliplan.se\/en\/\"},{\"@type\":\"ListItem\",\"position\":2,\"name\":\"Video recruitment\"}]},{\"@type\":\"WebSite\",\"@id\":\"https:\/\/www.intelliplan.se\/en\/#website\",\"url\":\"https:\/\/www.intelliplan.se\/en\/\",\"name\":\"Ny engelsk site\",\"description\":\"\",\"publisher\":{\"@id\":\"https:\/\/www.intelliplan.se\/en\/#organization\"},\"potentialAction\":[{\"@type\":\"SearchAction\",\"target\":{\"@type\":\"EntryPoint\",\"urlTemplate\":\"https:\/\/www.intelliplan.se\/en\/?s={search_term_string}\"},\"query-input\":{\"@type\":\"PropertyValueSpecification\",\"valueRequired\":true,\"valueName\":\"search_term_string\"}}],\"inLanguage\":\"sv-SE\"},{\"@type\":\"Organization\",\"@id\":\"https:\/\/www.intelliplan.se\/en\/#organization\",\"name\":\"Ny engelsk site\",\"url\":\"https:\/\/www.intelliplan.se\/en\/\",\"logo\":{\"@type\":\"ImageObject\",\"inLanguage\":\"sv-SE\",\"@id\":\"https:\/\/www.intelliplan.se\/en\/#\/schema\/logo\/image\/\",\"url\":\"https:\/\/www.intelliplan.se\/en\/wp-content\/uploads\/sites\/9\/2022\/08\/intelliplan_logotyp_100.png\",\"contentUrl\":\"https:\/\/www.intelliplan.se\/en\/wp-content\/uploads\/sites\/9\/2022\/08\/intelliplan_logotyp_100.png\",\"width\":100,\"height\":100,\"caption\":\"Ny engelsk site\"},\"image\":{\"@id\":\"https:\/\/www.intelliplan.se\/en\/#\/schema\/logo\/image\/\"}}]}<\/script>\n<!-- \/ Yoast SEO plugin. -->","yoast_head_json":{"title":"Video recruitment","description":"Effektivisera din rekryteringsprocess med videorekrytering. Spar tid, f\u00e5 en mer j\u00e4mst\u00e4lld rekrytering och f\u00f6rb\u00e4ttra kandidatupplevelsen.","robots":{"index":"index","follow":"follow","max-snippet":"max-snippet:-1","max-image-preview":"max-image-preview:large","max-video-preview":"max-video-preview:-1"},"canonical":"https:\/\/www.intelliplan.se\/en\/video-recruitment\/","og_locale":"sv_SE","og_type":"article","og_title":"Video recruitment","og_description":"Effektivisera din rekryteringsprocess med videorekrytering. Spar tid, f\u00e5 en mer j\u00e4mst\u00e4lld rekrytering och f\u00f6rb\u00e4ttra kandidatupplevelsen.","og_url":"https:\/\/www.intelliplan.se\/en\/video-recruitment\/","og_site_name":"Ny engelsk site","article_modified_time":"2023-04-12T11:23:06+00:00","twitter_card":"summary_large_image","twitter_misc":{"Ber\u00e4knad l\u00e4stid":"2 minuter"},"schema":{"@context":"https:\/\/schema.org","@graph":[{"@type":"WebPage","@id":"https:\/\/www.intelliplan.se\/en\/video-recruitment\/","url":"https:\/\/www.intelliplan.se\/en\/video-recruitment\/","name":"Video recruitment","isPartOf":{"@id":"https:\/\/www.intelliplan.se\/en\/#website"},"datePublished":"2022-05-11T11:08:34+00:00","dateModified":"2023-04-12T11:23:06+00:00","description":"Effektivisera din rekryteringsprocess med videorekrytering. Spar tid, f\u00e5 en mer j\u00e4mst\u00e4lld rekrytering och f\u00f6rb\u00e4ttra kandidatupplevelsen.","breadcrumb":{"@id":"https:\/\/www.intelliplan.se\/en\/video-recruitment\/#breadcrumb"},"inLanguage":"sv-SE","potentialAction":[{"@type":"ReadAction","target":["https:\/\/www.intelliplan.se\/en\/video-recruitment\/"]}]},{"@type":"BreadcrumbList","@id":"https:\/\/www.intelliplan.se\/en\/video-recruitment\/#breadcrumb","itemListElement":[{"@type":"ListItem","position":1,"name":"Hem","item":"https:\/\/www.intelliplan.se\/en\/"},{"@type":"ListItem","position":2,"name":"Video recruitment"}]},{"@type":"WebSite","@id":"https:\/\/www.intelliplan.se\/en\/#website","url":"https:\/\/www.intelliplan.se\/en\/","name":"Ny engelsk site","description":"","publisher":{"@id":"https:\/\/www.intelliplan.se\/en\/#organization"},"potentialAction":[{"@type":"SearchAction","target":{"@type":"EntryPoint","urlTemplate":"https:\/\/www.intelliplan.se\/en\/?s={search_term_string}"},"query-input":{"@type":"PropertyValueSpecification","valueRequired":true,"valueName":"search_term_string"}}],"inLanguage":"sv-SE"},{"@type":"Organization","@id":"https:\/\/www.intelliplan.se\/en\/#organization","name":"Ny engelsk site","url":"https:\/\/www.intelliplan.se\/en\/","logo":{"@type":"ImageObject","inLanguage":"sv-SE","@id":"https:\/\/www.intelliplan.se\/en\/#\/schema\/logo\/image\/","url":"https:\/\/www.intelliplan.se\/en\/wp-content\/uploads\/sites\/9\/2022\/08\/intelliplan_logotyp_100.png","contentUrl":"https:\/\/www.intelliplan.se\/en\/wp-content\/uploads\/sites\/9\/2022\/08\/intelliplan_logotyp_100.png","width":100,"height":100,"caption":"Ny engelsk site"},"image":{"@id":"https:\/\/www.intelliplan.se\/en\/#\/schema\/logo\/image\/"}}]}},"_links":{"self":[{"href":"https:\/\/www.intelliplan.se\/en\/wp-json\/wp\/v2\/pages\/3329","targetHints":{"allow":["GET"]}}],"collection":[{"href":"https:\/\/www.intelliplan.se\/en\/wp-json\/wp\/v2\/pages"}],"about":[{"href":"https:\/\/www.intelliplan.se\/en\/wp-json\/wp\/v2\/types\/page"}],"author":[{"embeddable":true,"href":"https:\/\/www.intelliplan.se\/en\/wp-json\/wp\/v2\/users\/3"}],"replies":[{"embeddable":true,"href":"https:\/\/www.intelliplan.se\/en\/wp-json\/wp\/v2\/comments?post=3329"}],"version-history":[{"count":25,"href":"https:\/\/www.intelliplan.se\/en\/wp-json\/wp\/v2\/pages\/3329\/revisions"}],"predecessor-version":[{"id":8316,"href":"https:\/\/www.intelliplan.se\/en\/wp-json\/wp\/v2\/pages\/3329\/revisions\/8316"}],"wp:attachment":[{"href":"https:\/\/www.intelliplan.se\/en\/wp-json\/wp\/v2\/media?parent=3329"}],"curies":[{"name":"wp","href":"https:\/\/api.w.org\/{rel}","templated":true}]}}