{"id":3312,"date":"2022-05-10T19:33:53","date_gmt":"2022-05-10T17:33:53","guid":{"rendered":"https:\/\/www.intelliplan.se\/en-ny\/?page_id=3312"},"modified":"2023-04-10T20:09:08","modified_gmt":"2023-04-10T18:09:08","slug":"ateranvandning-av-kandidater","status":"publish","type":"page","link":"https:\/\/www.intelliplan.se\/en\/ateranvandning-av-kandidater\/","title":{"rendered":"Candidate reuse"},"content":{"rendered":"\t\t<div data-elementor-type=\"wp-page\" data-elementor-id=\"3312\" class=\"elementor elementor-3312\">\n\t\t\t\t\t\t<section class=\"elementor-section elementor-top-section elementor-element elementor-element-664707c elementor-section-boxed elementor-section-height-default elementor-section-height-default\" data-id=\"664707c\" data-element_type=\"section\" data-e-type=\"section\" data-settings=\"{&quot;background_background&quot;:&quot;gradient&quot;,&quot;shape_divider_bottom&quot;:&quot;curve-asymmetrical&quot;}\">\n\t\t\t\t\t\t\t<div class=\"elementor-background-overlay\"><\/div>\n\t\t\t\t\t\t<div class=\"elementor-shape elementor-shape-bottom\" aria-hidden=\"true\" data-negative=\"false\">\n\t\t\t<svg xmlns=\"http:\/\/www.w3.org\/2000\/svg\" viewBox=\"0 0 1000 100\" preserveAspectRatio=\"none\">\n\t<path class=\"elementor-shape-fill\" d=\"M0,0c0,0,0,6,0,6.7c0,18,240.2,93.6,615.2,92.6C989.8,98.5,1000,25,1000,6.7c0-0.7,0-6.7,0-6.7H0z\"\/>\n<\/svg>\t\t<\/div>\n\t\t\t\t\t<div class=\"elementor-container elementor-column-gap-default\">\n\t\t\t\t\t<div class=\"aux-parallax-section elementor-column elementor-col-100 elementor-top-column elementor-element elementor-element-91ce3ed\" data-id=\"91ce3ed\" data-element_type=\"column\" data-e-type=\"column\">\n\t\t\t<div class=\"elementor-widget-wrap elementor-element-populated\">\n\t\t\t\t\t\t<div class=\"elementor-element elementor-element-7ace711 elementor-widget elementor-widget-heading\" data-id=\"7ace711\" data-element_type=\"widget\" data-e-type=\"widget\" data-widget_type=\"heading.default\">\n\t\t\t\t<div class=\"elementor-widget-container\">\n\t\t\t\t\t<h1 class=\"elementor-heading-title elementor-size-default\">Candidate reuse<\/h1>\t\t\t\t<\/div>\n\t\t\t\t<\/div>\n\t\t\t\t\t<\/div>\n\t\t<\/div>\n\t\t\t\t\t<\/div>\n\t\t<\/section>\n\t\t\t\t<section class=\"elementor-section elementor-top-section elementor-element elementor-element-a8888e3 elementor-section-boxed elementor-section-height-default elementor-section-height-default\" data-id=\"a8888e3\" data-element_type=\"section\" data-e-type=\"section\">\n\t\t\t\t\t\t<div class=\"elementor-container elementor-column-gap-default\">\n\t\t\t\t\t<div class=\"aux-parallax-section elementor-column elementor-col-100 elementor-top-column elementor-element elementor-element-2474c39\" data-id=\"2474c39\" data-element_type=\"column\" data-e-type=\"column\">\n\t\t\t<div class=\"elementor-widget-wrap elementor-element-populated\">\n\t\t\t\t\t\t<div class=\"elementor-element elementor-element-906e4c9 elementor-widget__width-inherit elementor-widget elementor-widget-text-editor\" data-id=\"906e4c9\" data-element_type=\"widget\" data-e-type=\"widget\" data-widget_type=\"text-editor.default\">\n\t\t\t\t<div class=\"elementor-widget-container\">\n\t\t\t\t\t\t\t\t\t<ul><li>On average, Zerolime&#8217;s customers achieve 45% candidate reuse<\/li><\/ul><ul><li style=\"font-weight: 400;\" aria-level=\"1\">High candidate reuse saves a lot of time for recruiters<\/li><li style=\"font-weight: 400;\" aria-level=\"1\">This enables a better candidate experience and results in faster candidate placement<\/li><\/ul><p>With our recruitment system Zerolime, our customers achieve an average of 45% candidate reuse. This saves a lot of time for recruiters, as almost half of the candidates have already gone through several steps in the recruitment process and therefore do not need to start over each time. This way, candidates can be placed much faster, and advertising costs are also reduced<\/p><p><strong>Increased candidate experience<\/strong><\/p><p>High candidate reuse also provides a fantastic service to the candidates. They are offered (and accept) a job they didn&#8217;t even have to apply for. Candidates also avoid going through the different parts of the recruitment process again. The data collected from previous recruitment can now also be used for upcoming assignments<\/p><p><strong>How do you achieve high candidate reuse?<\/strong><\/p><p>This question often comes up when we are in contact with new customers. What is it that makes Zerolime&#8217;s customers achieve such high reuse rates? To achieve this, you need a system that facilitates the work and makes it easy to move candidates forward in the next recruitment opportunity. If you have the right system support, you must also have the right working methods so that all recruiters help each other and do not hold on to their &#8221;favorite candidates&#8221;. We are happy to help you review your work process so that you can succeed as much as possible with Zerolime as a tool.<\/p>\t\t\t\t\t\t\t\t<\/div>\n\t\t\t\t<\/div>\n\t\t\t\t\t<\/div>\n\t\t<\/div>\n\t\t\t\t\t<\/div>\n\t\t<\/section>\n\t\t\t\t<section class=\"elementor-section elementor-top-section elementor-element elementor-element-8911c49 elementor-section-boxed elementor-section-height-default elementor-section-height-default\" data-id=\"8911c49\" data-element_type=\"section\" data-e-type=\"section\" id=\"section-contact\">\n\t\t\t\t\t\t<div class=\"elementor-container elementor-column-gap-default\">\n\t\t\t\t\t<div class=\"aux-parallax-section elementor-column elementor-col-100 elementor-top-column elementor-element elementor-element-a056a2a\" data-id=\"a056a2a\" data-element_type=\"column\" data-e-type=\"column\">\n\t\t\t<div class=\"elementor-widget-wrap elementor-element-populated\">\n\t\t\t\t\t\t<div class=\"elementor-element elementor-element-5e45b2e elementor-widget elementor-widget-heading\" data-id=\"5e45b2e\" data-element_type=\"widget\" data-e-type=\"widget\" data-widget_type=\"heading.default\">\n\t\t\t\t<div class=\"elementor-widget-container\">\n\t\t\t\t\t<h3 class=\"elementor-heading-title elementor-size-default\">Boka kostnadsfri demo<\/h3>\t\t\t\t<\/div>\n\t\t\t\t<\/div>\n\t\t\t\t<div class=\"elementor-element elementor-element-00eb11f elementor-widget elementor-widget-text-editor\" data-id=\"00eb11f\" data-element_type=\"widget\" data-e-type=\"widget\" data-widget_type=\"text-editor.default\">\n\t\t\t\t<div class=\"elementor-widget-container\">\n\t\t\t\t\t\t\t\t\t<p>\u00c4r du p\u00e5 jakt efter ett riktigt bra rekryteringssystem? Fyll i formul\u00e4ret nedan s\u00e5 kontaktar vi dig f\u00f6r en demo av Zerolime.<\/p>\t\t\t\t\t\t\t\t<\/div>\n\t\t\t\t<\/div>\n\t\t\t\t<div class=\"elementor-element elementor-element-886301a elementor-invisible elementor-widget elementor-widget-aux_contact_form\" data-id=\"886301a\" data-element_type=\"widget\" data-e-type=\"widget\" data-settings=\"{&quot;_animation&quot;:&quot;fadeIn&quot;}\" data-widget_type=\"aux_contact_form.default\">\n\t\t\t\t<div class=\"elementor-widget-container\">\n\t\t\t\t\t<section class=\"widget-container aux-widget-contact-form aux-parent-aufb80c2b2\">            <div class=\"aux-col-wrapper aux-no-gutter\">\n            <!-- @TODO - The output for element here -->\n\n            \n<div class=\"wpcf7 no-js\" id=\"wpcf7-f2003-o1\" lang=\"sv-SE\" dir=\"ltr\" data-wpcf7-id=\"2003\">\n<div class=\"screen-reader-response\"><p role=\"status\" aria-live=\"polite\" aria-atomic=\"true\"><\/p> <ul><\/ul><\/div>\n<form action=\"\/en\/wp-json\/wp\/v2\/pages\/3312#wpcf7-f2003-o1\" method=\"post\" class=\"wpcf7-form init 17d29566cc7a cmatic-conn cmatic-aud-11 cmatic-mapd0-0 cmatic-v0975 cmatic-sent-0 cmatic-total-0\" aria-label=\"Kontaktformul\u00e4r\" novalidate=\"novalidate\" data-status=\"init\">\n<fieldset class=\"hidden-fields-container\"><input type=\"hidden\" name=\"_wpcf7\" value=\"2003\" \/><input type=\"hidden\" name=\"_wpcf7_version\" value=\"6.1.5\" \/><input type=\"hidden\" name=\"_wpcf7_locale\" value=\"sv_SE\" \/><input type=\"hidden\" name=\"_wpcf7_unit_tag\" value=\"wpcf7-f2003-o1\" \/><input type=\"hidden\" name=\"_wpcf7_container_post\" value=\"0\" \/><input type=\"hidden\" name=\"_wpcf7_posted_data_hash\" value=\"\" \/><input type=\"hidden\" name=\"_wpcf7_recaptcha_response\" value=\"\" \/>\n<\/fieldset>\n<div>\n\t<p><span class=\"input\"><br \/>\n<span class=\"wpcf7-form-control-wrap\" data-name=\"your-name\"><input size=\"40\" maxlength=\"400\" class=\"wpcf7-form-control wpcf7-text wpcf7-validates-as-required\" id=\"input-name\" aria-required=\"true\" aria-invalid=\"false\" value=\"\" type=\"text\" name=\"your-name\" \/><\/span><label class=\"input-label\" for=\"input-name\"><span class=\"input-label-content\">Name <span>*<\/span><\/span><\/label><br \/>\n<\/span>\n\t<\/p>\n<\/div>\n<div>\n\t<p><span class=\"input\"><br \/>\n<span class=\"wpcf7-form-control-wrap\" data-name=\"your-company\"><input size=\"40\" maxlength=\"400\" class=\"wpcf7-form-control wpcf7-text wpcf7-validates-as-required\" id=\"input-company\" aria-required=\"true\" aria-invalid=\"false\" value=\"\" type=\"text\" name=\"your-company\" \/><\/span><label class=\"input-label\" for=\"input-company\"><span class=\"input-label-content\">Company <span>*<\/span><\/span><\/label><br \/>\n<\/span>\n\t<\/p>\n<\/div>\n<div>\n\t<p><span class=\"input\"><br \/>\n<span class=\"wpcf7-form-control-wrap\" data-name=\"your-email\"><input size=\"40\" maxlength=\"400\" class=\"wpcf7-form-control wpcf7-email wpcf7-validates-as-required wpcf7-text wpcf7-validates-as-email\" id=\"input-email\" aria-required=\"true\" aria-invalid=\"false\" value=\"\" type=\"email\" name=\"your-email\" \/><\/span><label class=\"input-label\" for=\"input-email\"><span class=\"input-label-content\">E-mail adress <span>*<\/span><\/span><\/label><br \/>\n<\/span>\n\t<\/p>\n<\/div>\n<div>\n\t<p><span class=\"input\"><br \/>\n<span class=\"wpcf7-form-control-wrap\" data-name=\"your-phone\"><input size=\"40\" maxlength=\"400\" class=\"wpcf7-form-control wpcf7-tel wpcf7-text wpcf7-validates-as-tel\" id=\"input-phone\" aria-invalid=\"false\" value=\"\" type=\"tel\" name=\"your-phone\" \/><\/span><label class=\"input-label\" for=\"input-phone\"><span class=\"input-label-content\">Phone number<\/span><\/label><br \/>\n<\/span>\n\t<\/p>\n<\/div>\n<div class=\"wpcf7-response-output\" aria-hidden=\"true\"><\/div>\n<p><span class=\"wpcf7-form-control-wrap\" data-name=\"acceptance-privacy-policy\"><span class=\"wpcf7-form-control wpcf7-acceptance\"><span class=\"wpcf7-list-item\"><label><input type=\"checkbox\" name=\"acceptance-privacy-policy\" value=\"1\" aria-invalid=\"false\" \/><span class=\"wpcf7-list-item-label\">I agree to the <a href=\"\/Privacy-policy\" target=\"_blank\">Privacy Policy<\/a><\/span><\/label><\/span><\/span><\/span><br \/>\n<input class=\"wpcf7-form-control wpcf7-submit has-spinner\" id=\"demo-form-submit\" type=\"submit\" value=\"Book free demo\" \/>\n<\/p>\n<\/form>\n<\/div>\n\n\n            <\/div><!-- aux-col-wrapper -->\n    <\/section><!-- widget-container -->\t\t\t\t<\/div>\n\t\t\t\t<\/div>\n\t\t\t\t\t<\/div>\n\t\t<\/div>\n\t\t\t\t\t<\/div>\n\t\t<\/section>\n\t\t\t\t<\/div>\n\t\t","protected":false},"excerpt":{"rendered":"<p>Candidate reuse On average, Zerolime&#8217;s customers achieve 45% candidate reuse High candidate reuse saves a lot of time for recruiters This enables a better candidate experience and results in faster candidate placement With our recruitment system Zerolime, our customers achieve an average of 45% candidate reuse. This saves a lot of time for recruiters, as [&hellip;]<\/p>\n","protected":false},"author":3,"featured_media":0,"parent":0,"menu_order":0,"comment_status":"closed","ping_status":"closed","template":"","meta":{"footnotes":""},"class_list":["post-3312","page","type-page","status-publish","hentry"],"yoast_head":"<!-- This site is optimized with the Yoast SEO plugin v27.0 - https:\/\/yoast.com\/product\/yoast-seo-wordpress\/ -->\n<title>Candidate reuse<\/title>\n<meta name=\"robots\" content=\"index, follow, max-snippet:-1, max-image-preview:large, max-video-preview:-1\" \/>\n<link rel=\"canonical\" href=\"https:\/\/www.intelliplan.se\/en\/ateranvandning-av-kandidater\/\" \/>\n<meta property=\"og:locale\" content=\"sv_SE\" \/>\n<meta property=\"og:type\" content=\"article\" \/>\n<meta property=\"og:title\" content=\"Candidate reuse\" \/>\n<meta property=\"og:description\" content=\"Candidate reuse On average, Zerolime&#8217;s customers achieve 45% candidate reuse High candidate reuse saves a lot of time for recruiters This enables a better candidate experience and results in faster candidate placement With our recruitment system Zerolime, our customers achieve an average of 45% candidate reuse. This saves a lot of time for recruiters, as [&hellip;]\" \/>\n<meta property=\"og:url\" content=\"https:\/\/www.intelliplan.se\/en\/ateranvandning-av-kandidater\/\" \/>\n<meta property=\"og:site_name\" content=\"Ny engelsk site\" \/>\n<meta property=\"article:modified_time\" content=\"2023-04-10T18:09:08+00:00\" \/>\n<meta name=\"twitter:card\" content=\"summary_large_image\" \/>\n<meta name=\"twitter:label1\" content=\"Ber\u00e4knad l\u00e4stid\" \/>\n\t<meta name=\"twitter:data1\" content=\"2 minuter\" \/>\n<script type=\"application\/ld+json\" class=\"yoast-schema-graph\">{\"@context\":\"https:\/\/schema.org\",\"@graph\":[{\"@type\":\"WebPage\",\"@id\":\"https:\/\/www.intelliplan.se\/en\/ateranvandning-av-kandidater\/\",\"url\":\"https:\/\/www.intelliplan.se\/en\/ateranvandning-av-kandidater\/\",\"name\":\"Candidate reuse\",\"isPartOf\":{\"@id\":\"https:\/\/www.intelliplan.se\/en\/#website\"},\"datePublished\":\"2022-05-10T17:33:53+00:00\",\"dateModified\":\"2023-04-10T18:09:08+00:00\",\"breadcrumb\":{\"@id\":\"https:\/\/www.intelliplan.se\/en\/ateranvandning-av-kandidater\/#breadcrumb\"},\"inLanguage\":\"sv-SE\",\"potentialAction\":[{\"@type\":\"ReadAction\",\"target\":[\"https:\/\/www.intelliplan.se\/en\/ateranvandning-av-kandidater\/\"]}]},{\"@type\":\"BreadcrumbList\",\"@id\":\"https:\/\/www.intelliplan.se\/en\/ateranvandning-av-kandidater\/#breadcrumb\",\"itemListElement\":[{\"@type\":\"ListItem\",\"position\":1,\"name\":\"Hem\",\"item\":\"https:\/\/www.intelliplan.se\/en\/\"},{\"@type\":\"ListItem\",\"position\":2,\"name\":\"Candidate reuse\"}]},{\"@type\":\"WebSite\",\"@id\":\"https:\/\/www.intelliplan.se\/en\/#website\",\"url\":\"https:\/\/www.intelliplan.se\/en\/\",\"name\":\"Ny engelsk site\",\"description\":\"\",\"publisher\":{\"@id\":\"https:\/\/www.intelliplan.se\/en\/#organization\"},\"potentialAction\":[{\"@type\":\"SearchAction\",\"target\":{\"@type\":\"EntryPoint\",\"urlTemplate\":\"https:\/\/www.intelliplan.se\/en\/?s={search_term_string}\"},\"query-input\":{\"@type\":\"PropertyValueSpecification\",\"valueRequired\":true,\"valueName\":\"search_term_string\"}}],\"inLanguage\":\"sv-SE\"},{\"@type\":\"Organization\",\"@id\":\"https:\/\/www.intelliplan.se\/en\/#organization\",\"name\":\"Ny engelsk site\",\"url\":\"https:\/\/www.intelliplan.se\/en\/\",\"logo\":{\"@type\":\"ImageObject\",\"inLanguage\":\"sv-SE\",\"@id\":\"https:\/\/www.intelliplan.se\/en\/#\/schema\/logo\/image\/\",\"url\":\"https:\/\/www.intelliplan.se\/en\/wp-content\/uploads\/sites\/9\/2022\/08\/intelliplan_logotyp_100.png\",\"contentUrl\":\"https:\/\/www.intelliplan.se\/en\/wp-content\/uploads\/sites\/9\/2022\/08\/intelliplan_logotyp_100.png\",\"width\":100,\"height\":100,\"caption\":\"Ny engelsk site\"},\"image\":{\"@id\":\"https:\/\/www.intelliplan.se\/en\/#\/schema\/logo\/image\/\"}}]}<\/script>\n<!-- \/ Yoast SEO plugin. -->","yoast_head_json":{"title":"Candidate reuse","robots":{"index":"index","follow":"follow","max-snippet":"max-snippet:-1","max-image-preview":"max-image-preview:large","max-video-preview":"max-video-preview:-1"},"canonical":"https:\/\/www.intelliplan.se\/en\/ateranvandning-av-kandidater\/","og_locale":"sv_SE","og_type":"article","og_title":"Candidate reuse","og_description":"Candidate reuse On average, Zerolime&#8217;s customers achieve 45% candidate reuse High candidate reuse saves a lot of time for recruiters This enables a better candidate experience and results in faster candidate placement With our recruitment system Zerolime, our customers achieve an average of 45% candidate reuse. This saves a lot of time for recruiters, as [&hellip;]","og_url":"https:\/\/www.intelliplan.se\/en\/ateranvandning-av-kandidater\/","og_site_name":"Ny engelsk site","article_modified_time":"2023-04-10T18:09:08+00:00","twitter_card":"summary_large_image","twitter_misc":{"Ber\u00e4knad l\u00e4stid":"2 minuter"},"schema":{"@context":"https:\/\/schema.org","@graph":[{"@type":"WebPage","@id":"https:\/\/www.intelliplan.se\/en\/ateranvandning-av-kandidater\/","url":"https:\/\/www.intelliplan.se\/en\/ateranvandning-av-kandidater\/","name":"Candidate reuse","isPartOf":{"@id":"https:\/\/www.intelliplan.se\/en\/#website"},"datePublished":"2022-05-10T17:33:53+00:00","dateModified":"2023-04-10T18:09:08+00:00","breadcrumb":{"@id":"https:\/\/www.intelliplan.se\/en\/ateranvandning-av-kandidater\/#breadcrumb"},"inLanguage":"sv-SE","potentialAction":[{"@type":"ReadAction","target":["https:\/\/www.intelliplan.se\/en\/ateranvandning-av-kandidater\/"]}]},{"@type":"BreadcrumbList","@id":"https:\/\/www.intelliplan.se\/en\/ateranvandning-av-kandidater\/#breadcrumb","itemListElement":[{"@type":"ListItem","position":1,"name":"Hem","item":"https:\/\/www.intelliplan.se\/en\/"},{"@type":"ListItem","position":2,"name":"Candidate reuse"}]},{"@type":"WebSite","@id":"https:\/\/www.intelliplan.se\/en\/#website","url":"https:\/\/www.intelliplan.se\/en\/","name":"Ny engelsk site","description":"","publisher":{"@id":"https:\/\/www.intelliplan.se\/en\/#organization"},"potentialAction":[{"@type":"SearchAction","target":{"@type":"EntryPoint","urlTemplate":"https:\/\/www.intelliplan.se\/en\/?s={search_term_string}"},"query-input":{"@type":"PropertyValueSpecification","valueRequired":true,"valueName":"search_term_string"}}],"inLanguage":"sv-SE"},{"@type":"Organization","@id":"https:\/\/www.intelliplan.se\/en\/#organization","name":"Ny engelsk site","url":"https:\/\/www.intelliplan.se\/en\/","logo":{"@type":"ImageObject","inLanguage":"sv-SE","@id":"https:\/\/www.intelliplan.se\/en\/#\/schema\/logo\/image\/","url":"https:\/\/www.intelliplan.se\/en\/wp-content\/uploads\/sites\/9\/2022\/08\/intelliplan_logotyp_100.png","contentUrl":"https:\/\/www.intelliplan.se\/en\/wp-content\/uploads\/sites\/9\/2022\/08\/intelliplan_logotyp_100.png","width":100,"height":100,"caption":"Ny engelsk site"},"image":{"@id":"https:\/\/www.intelliplan.se\/en\/#\/schema\/logo\/image\/"}}]}},"_links":{"self":[{"href":"https:\/\/www.intelliplan.se\/en\/wp-json\/wp\/v2\/pages\/3312","targetHints":{"allow":["GET"]}}],"collection":[{"href":"https:\/\/www.intelliplan.se\/en\/wp-json\/wp\/v2\/pages"}],"about":[{"href":"https:\/\/www.intelliplan.se\/en\/wp-json\/wp\/v2\/types\/page"}],"author":[{"embeddable":true,"href":"https:\/\/www.intelliplan.se\/en\/wp-json\/wp\/v2\/users\/3"}],"replies":[{"embeddable":true,"href":"https:\/\/www.intelliplan.se\/en\/wp-json\/wp\/v2\/comments?post=3312"}],"version-history":[{"count":17,"href":"https:\/\/www.intelliplan.se\/en\/wp-json\/wp\/v2\/pages\/3312\/revisions"}],"predecessor-version":[{"id":8195,"href":"https:\/\/www.intelliplan.se\/en\/wp-json\/wp\/v2\/pages\/3312\/revisions\/8195"}],"wp:attachment":[{"href":"https:\/\/www.intelliplan.se\/en\/wp-json\/wp\/v2\/media?parent=3312"}],"curies":[{"name":"wp","href":"https:\/\/api.w.org\/{rel}","templated":true}]}}