{"id":657,"date":"2020-07-27T13:14:29","date_gmt":"2020-07-27T11:14:29","guid":{"rendered":"https:\/\/www.intelliplan.se\/dk\/?page_id=657"},"modified":"2022-05-24T19:49:29","modified_gmt":"2022-05-24T17:49:29","slug":"om-cookies","status":"publish","type":"page","link":"https:\/\/www.intelliplan.se\/dk\/om-cookies\/","title":{"rendered":"Om cookies"},"content":{"rendered":"\t\t<div data-elementor-type=\"wp-page\" data-elementor-id=\"657\" class=\"elementor elementor-657\">\n\t\t\t\t\t\t<section class=\"elementor-section elementor-top-section elementor-element elementor-element-664707c elementor-section-boxed elementor-section-height-default elementor-section-height-default\" data-id=\"664707c\" data-element_type=\"section\" data-e-type=\"section\" data-settings=\"{&quot;background_background&quot;:&quot;gradient&quot;,&quot;shape_divider_bottom&quot;:&quot;curve-asymmetrical&quot;}\">\n\t\t\t\t\t\t\t<div class=\"elementor-background-overlay\"><\/div>\n\t\t\t\t\t\t<div class=\"elementor-shape elementor-shape-bottom\" aria-hidden=\"true\" data-negative=\"false\">\n\t\t\t<svg xmlns=\"http:\/\/www.w3.org\/2000\/svg\" viewBox=\"0 0 1000 100\" preserveAspectRatio=\"none\">\n\t<path class=\"elementor-shape-fill\" d=\"M0,0c0,0,0,6,0,6.7c0,18,240.2,93.6,615.2,92.6C989.8,98.5,1000,25,1000,6.7c0-0.7,0-6.7,0-6.7H0z\"\/>\n<\/svg>\t\t<\/div>\n\t\t\t\t\t<div class=\"elementor-container elementor-column-gap-default\">\n\t\t\t\t\t<div class=\"aux-parallax-section elementor-column elementor-col-100 elementor-top-column elementor-element elementor-element-91ce3ed\" data-id=\"91ce3ed\" data-element_type=\"column\" data-e-type=\"column\">\n\t\t\t<div class=\"elementor-widget-wrap elementor-element-populated\">\n\t\t\t\t\t\t<div class=\"elementor-element elementor-element-7ace711 elementor-widget elementor-widget-heading\" data-id=\"7ace711\" data-element_type=\"widget\" data-e-type=\"widget\" data-widget_type=\"heading.default\">\n\t\t\t\t<div class=\"elementor-widget-container\">\n\t\t\t\t\t<h1 class=\"elementor-heading-title elementor-size-default\">Om cookies<\/h1>\t\t\t\t<\/div>\n\t\t\t\t<\/div>\n\t\t\t\t\t<\/div>\n\t\t<\/div>\n\t\t\t\t\t<\/div>\n\t\t<\/section>\n\t\t\t\t<section class=\"elementor-section elementor-top-section elementor-element elementor-element-c8a5c6d elementor-section-boxed elementor-section-height-default elementor-section-height-default\" data-id=\"c8a5c6d\" data-element_type=\"section\" data-e-type=\"section\">\n\t\t\t\t\t\t<div class=\"elementor-container elementor-column-gap-default\">\n\t\t\t\t\t<div class=\"aux-parallax-section elementor-column elementor-col-100 elementor-top-column elementor-element elementor-element-bb2e520\" data-id=\"bb2e520\" data-element_type=\"column\" data-e-type=\"column\">\n\t\t\t<div class=\"elementor-widget-wrap elementor-element-populated\">\n\t\t\t\t\t\t<div class=\"elementor-element elementor-element-7bd4188 elementor-widget elementor-widget-text-editor\" data-id=\"7bd4188\" data-element_type=\"widget\" data-e-type=\"widget\" data-widget_type=\"text-editor.default\">\n\t\t\t\t<div class=\"elementor-widget-container\">\n\t\t\t\t\t\t\t\t\t<p>Intelliplan bruger cookies p\u00e5 dette websted. \u00c5rsagen til dette er at vi \u00f8nskerr at forbedre brugeroplevelsen for dig som bes\u00f8gende. N\u00e5r der bruges cookies, er det Intelliplans ansvar at informere dig om:<\/p><ul><li>At hjemmesiden indeholder cookies<\/li><li>Hvad cookies er, og hvad de bruges til<\/li><li>Hvorfor Intelliplan v\u00e6lger at bruge cookies<\/li><li>Hvordan du undg\u00e5r at cookies gemmes.<\/li><li>Hvordan man kontakter Intelliplan vedr\u00f8rende cookies<\/li><\/ul><p>Ved at tillade cookies i din browser og bes\u00f8ge vores websted accepterer du, at Intelliplan bruger cookies i overensstemmelse med denne cookiepolitik.<\/p>\t\t\t\t\t\t\t\t<\/div>\n\t\t\t\t<\/div>\n\t\t\t\t<div class=\"elementor-element elementor-element-ea6b182 elementor-widget elementor-widget-heading\" data-id=\"ea6b182\" data-element_type=\"widget\" data-e-type=\"widget\" data-widget_type=\"heading.default\">\n\t\t\t\t<div class=\"elementor-widget-container\">\n\t\t\t\t\t<h3 class=\"elementor-heading-title elementor-size-default\">Hvad er cookies, og hvad bruges de til?<\/h3>\t\t\t\t<\/div>\n\t\t\t\t<\/div>\n\t\t\t\t<div class=\"elementor-element elementor-element-f1cf10c elementor-widget elementor-widget-text-editor\" data-id=\"f1cf10c\" data-element_type=\"widget\" data-e-type=\"widget\" data-widget_type=\"text-editor.default\">\n\t\t\t\t<div class=\"elementor-widget-container\">\n\t\t\t\t\t\t\t\t\t<p>Cookies er sm\u00e5 tekstfiler, der sendes fra de websteder, du bes\u00f8ger. Disse cookies gemmes lokalt p\u00e5 din enhed (mobil, tablet eller computer). Cookies bruges af de fleste websteder i dag og er f.eks. N\u00f8dvendige for at:<\/p><ul><li>Forbedr din oplevelse, n\u00e5r du bes\u00f8ger stedet.<\/li><li>Alle funktioner skal fungere p\u00e5 hjemmesiden.<\/li><li>Gemme statistikker, og for at v\u00e6re i stand til at forst\u00e5 adf\u00e6rd fra forskellige m\u00e5lgrupper. Og p\u00e5 sigt forbedrer hjemmesiden.<\/li><\/ul><p>Der er to forskellige typer cookies, permanent og midlertidig. Permanente cookies, ogs\u00e5 kaldet tidsbegr\u00e6nset cookies, gemmes p\u00e5 din enhed i en l\u00e6ngere periode, og benyttes n\u00e5r du senere bes\u00f8ger webstedet igen. Midlertidige cookies, ogs\u00e5 kaldet session cookies, gemmes kun, mens du er online og bes\u00f8ger hjemmesiden. Disse cookies slettes, n\u00e5r du lukker browseren.<\/p><p>Cookies kan i mange tilf\u00e6lde regnes som personlige oplysninger, da det i mange tilf\u00e6lde er muligt at identificere dig selv ved hj\u00e6lp af disse cookies. Intelliplan er derfor forpligtet til at overholde databeskyttelsesforordningen (GDPR), n\u00e5r den h\u00e5ndterer disse. For at l\u00e6se mere om, hvordan Intelliplan h\u00e5ndterer personlige data, skal du l\u00e6se vores\u00a0 <a href=\"https:\/\/www.intelliplan.se\/dk\/fortrolighedspolitik\/\"><span style=\"text-decoration: underline;\">privatlivspolitik.<\/span><\/a><\/p>\t\t\t\t\t\t\t\t<\/div>\n\t\t\t\t<\/div>\n\t\t\t\t<div class=\"elementor-element elementor-element-37bbf65 elementor-widget elementor-widget-heading\" data-id=\"37bbf65\" data-element_type=\"widget\" data-e-type=\"widget\" data-widget_type=\"heading.default\">\n\t\t\t\t<div class=\"elementor-widget-container\">\n\t\t\t\t\t<h3 class=\"elementor-heading-title elementor-size-default\">Hvorfor bruger Intelliplan cookies?<\/h3>\t\t\t\t<\/div>\n\t\t\t\t<\/div>\n\t\t\t\t<div class=\"elementor-element elementor-element-73da7b6 elementor-widget elementor-widget-text-editor\" data-id=\"73da7b6\" data-element_type=\"widget\" data-e-type=\"widget\" data-widget_type=\"text-editor.default\">\n\t\t\t\t<div class=\"elementor-widget-container\">\n\t\t\t\t\t\t\t\t\t<p>Intelliplan bruger cookies til at forbedre din oplevelse, n\u00e5r du bes\u00f8ger vores hjemmeside. Omr\u00e5der hvor vi bruger cookies, kan sammenfattes til:<\/p><ul><li>\u2022 Cookies, der er n\u00f8dvendige for, at webstedet fungerer uden problemer. For eksempel, hvis du udfylder en kontaktformular, bruger vi cookies til at gemme oplysningerne til n\u00e6ste gang.<\/li><li>\u2022 Cookies, der er n\u00f8dvendige for at beskytte os mod svig og for at beskytte dine data, n\u00e5r du bes\u00f8ger os.<\/li><li><strong>(Tredjepart)<\/strong> Vi bruger cookies fra Google Analytics til at spore, hvordan du bruger vores websted. Med disse oplysninger f\u00e5r vi en bedre forst\u00e5else af brugen af dig og andre bes\u00f8gende, hvilket igen hj\u00e6lper os med at forbedre webstedet.<\/li><\/ul>\t\t\t\t\t\t\t\t<\/div>\n\t\t\t\t<\/div>\n\t\t\t\t<div class=\"elementor-element elementor-element-5d52ea3 elementor-widget elementor-widget-heading\" data-id=\"5d52ea3\" data-element_type=\"widget\" data-e-type=\"widget\" data-widget_type=\"heading.default\">\n\t\t\t\t<div class=\"elementor-widget-container\">\n\t\t\t\t\t<h3 class=\"elementor-heading-title elementor-size-default\">Hvordan kan jeg undg\u00e5 cookies?<\/h3>\t\t\t\t<\/div>\n\t\t\t\t<\/div>\n\t\t\t\t<div class=\"elementor-element elementor-element-39a4222 elementor-widget elementor-widget-text-editor\" data-id=\"39a4222\" data-element_type=\"widget\" data-e-type=\"widget\" data-widget_type=\"text-editor.default\">\n\t\t\t\t<div class=\"elementor-widget-container\">\n\t\t\t\t\t\t\t\t\t<p>De fleste browsere tillader cookies automatisk, hvilket betyder, at du skal \u00e6ndre indstillingerne i din browser for at forhindre, at cookies gemmes. Normalt kan du v\u00e6lge mellem:<\/p><ul><li>Bloker cookies fuldst\u00e6ndigt.<\/li><li>Bliv underrettet hver gang en cookie pr\u00f8ver at blive gemt, s\u00e5 du aktivt kan v\u00e6lge at acceptere eller afvise hver enkelt cookie.<\/li><\/ul><p>Husk, at blokering af cookies kan p\u00e5virke funktionaliteten af Intelliplans og andre websteder. Hvordan du deaktiveres cookies, adskiller sig fra de forskellige browsere, og vi opfordrer dig derfor til at s\u00f8ge mere information hos producenten af din browser.<\/p>\t\t\t\t\t\t\t\t<\/div>\n\t\t\t\t<\/div>\n\t\t\t\t<div class=\"elementor-element elementor-element-d351456 elementor-widget elementor-widget-heading\" data-id=\"d351456\" data-element_type=\"widget\" data-e-type=\"widget\" data-widget_type=\"heading.default\">\n\t\t\t\t<div class=\"elementor-widget-container\">\n\t\t\t\t\t<h3 class=\"elementor-heading-title elementor-size-default\">Hvordan kan jeg kontakte Intelliplan?<\/h3>\t\t\t\t<\/div>\n\t\t\t\t<\/div>\n\t\t\t\t<div class=\"elementor-element elementor-element-c3c0e25 elementor-widget elementor-widget-text-editor\" data-id=\"c3c0e25\" data-element_type=\"widget\" data-e-type=\"widget\" data-widget_type=\"text-editor.default\">\n\t\t\t\t<div class=\"elementor-widget-container\">\n\t\t\t\t\t\t\t\t\t<p>Du er velkommen til at kontakte Intelliplan n\u00e5r som helst, hvis du har sp\u00f8rgsm\u00e5l eller kommentarer. Dette g\u00f8r du ved at e-maile <a href=\"mailto:privacy@intelliplan.se\">privacy@intelliplan.se<\/a> eller <a href=\"mailto:support@intelliplan.se\">support@intelliplan.se<\/a><\/p>\t\t\t\t\t\t\t\t<\/div>\n\t\t\t\t<\/div>\n\t\t\t\t\t<\/div>\n\t\t<\/div>\n\t\t\t\t\t<\/div>\n\t\t<\/section>\n\t\t\t\t<\/div>\n\t\t","protected":false},"excerpt":{"rendered":"<p>Om cookies Intelliplan bruger cookies p\u00e5 dette websted. \u00c5rsagen til dette er at vi \u00f8nskerr at forbedre brugeroplevelsen for dig som bes\u00f8gende. N\u00e5r der bruges cookies, er det Intelliplans ansvar at informere dig om: At hjemmesiden indeholder cookies Hvad cookies er, og hvad de bruges til Hvorfor Intelliplan v\u00e6lger at bruge cookies Hvordan du undg\u00e5r [&hellip;]<\/p>\n","protected":false},"author":1,"featured_media":0,"parent":0,"menu_order":0,"comment_status":"closed","ping_status":"closed","template":"","meta":{"footnotes":""},"class_list":["post-657","page","type-page","status-publish","hentry"],"yoast_head":"<!-- This site is optimized with the Yoast SEO plugin v27.0 - https:\/\/yoast.com\/product\/yoast-seo-wordpress\/ -->\n<title>Om cookies - Intelliplan Dansk<\/title>\n<meta name=\"robots\" content=\"index, follow, max-snippet:-1, max-image-preview:large, max-video-preview:-1\" \/>\n<link rel=\"canonical\" href=\"https:\/\/www.intelliplan.se\/dk\/om-cookies\/\" \/>\n<meta property=\"og:locale\" content=\"sv_SE\" \/>\n<meta property=\"og:type\" content=\"article\" \/>\n<meta property=\"og:title\" content=\"Om cookies - Intelliplan Dansk\" \/>\n<meta property=\"og:description\" content=\"Om cookies Intelliplan bruger cookies p\u00e5 dette websted. \u00c5rsagen til dette er at vi \u00f8nskerr at forbedre brugeroplevelsen for dig som bes\u00f8gende. N\u00e5r der bruges cookies, er det Intelliplans ansvar at informere dig om: At hjemmesiden indeholder cookies Hvad cookies er, og hvad de bruges til Hvorfor Intelliplan v\u00e6lger at bruge cookies Hvordan du undg\u00e5r [&hellip;]\" \/>\n<meta property=\"og:url\" content=\"https:\/\/www.intelliplan.se\/dk\/om-cookies\/\" \/>\n<meta property=\"og:site_name\" content=\"Intelliplan Dansk\" \/>\n<meta property=\"article:modified_time\" content=\"2022-05-24T17:49:29+00:00\" \/>\n<meta name=\"twitter:card\" content=\"summary_large_image\" \/>\n<meta name=\"twitter:label1\" content=\"Ber\u00e4knad l\u00e4stid\" \/>\n\t<meta name=\"twitter:data1\" content=\"3 minuter\" \/>\n<script type=\"application\/ld+json\" class=\"yoast-schema-graph\">{\"@context\":\"https:\/\/schema.org\",\"@graph\":[{\"@type\":\"WebPage\",\"@id\":\"https:\/\/www.intelliplan.se\/dk\/om-cookies\/\",\"url\":\"https:\/\/www.intelliplan.se\/dk\/om-cookies\/\",\"name\":\"Om cookies - Intelliplan Dansk\",\"isPartOf\":{\"@id\":\"https:\/\/www.intelliplan.se\/dk\/#website\"},\"datePublished\":\"2020-07-27T11:14:29+00:00\",\"dateModified\":\"2022-05-24T17:49:29+00:00\",\"breadcrumb\":{\"@id\":\"https:\/\/www.intelliplan.se\/dk\/om-cookies\/#breadcrumb\"},\"inLanguage\":\"sv-SE\",\"potentialAction\":[{\"@type\":\"ReadAction\",\"target\":[\"https:\/\/www.intelliplan.se\/dk\/om-cookies\/\"]}]},{\"@type\":\"BreadcrumbList\",\"@id\":\"https:\/\/www.intelliplan.se\/dk\/om-cookies\/#breadcrumb\",\"itemListElement\":[{\"@type\":\"ListItem\",\"position\":1,\"name\":\"Hem\",\"item\":\"https:\/\/www.intelliplan.se\/dk\/\"},{\"@type\":\"ListItem\",\"position\":2,\"name\":\"Om cookies\"}]},{\"@type\":\"WebSite\",\"@id\":\"https:\/\/www.intelliplan.se\/dk\/#website\",\"url\":\"https:\/\/www.intelliplan.se\/dk\/\",\"name\":\"Intelliplan Dansk\",\"description\":\"\",\"publisher\":{\"@id\":\"https:\/\/www.intelliplan.se\/dk\/#organization\"},\"potentialAction\":[{\"@type\":\"SearchAction\",\"target\":{\"@type\":\"EntryPoint\",\"urlTemplate\":\"https:\/\/www.intelliplan.se\/dk\/?s={search_term_string}\"},\"query-input\":{\"@type\":\"PropertyValueSpecification\",\"valueRequired\":true,\"valueName\":\"search_term_string\"}}],\"inLanguage\":\"sv-SE\"},{\"@type\":\"Organization\",\"@id\":\"https:\/\/www.intelliplan.se\/dk\/#organization\",\"name\":\"Intelliplan Dansk\",\"url\":\"https:\/\/www.intelliplan.se\/dk\/\",\"logo\":{\"@type\":\"ImageObject\",\"inLanguage\":\"sv-SE\",\"@id\":\"https:\/\/www.intelliplan.se\/dk\/#\/schema\/logo\/image\/\",\"url\":\"https:\/\/www.intelliplan.se\/dk\/wp-content\/uploads\/sites\/6\/2022\/08\/intelliplan_logotyp_100.png\",\"contentUrl\":\"https:\/\/www.intelliplan.se\/dk\/wp-content\/uploads\/sites\/6\/2022\/08\/intelliplan_logotyp_100.png\",\"width\":100,\"height\":100,\"caption\":\"Intelliplan Dansk\"},\"image\":{\"@id\":\"https:\/\/www.intelliplan.se\/dk\/#\/schema\/logo\/image\/\"}}]}<\/script>\n<!-- \/ Yoast SEO plugin. -->","yoast_head_json":{"title":"Om cookies - Intelliplan Dansk","robots":{"index":"index","follow":"follow","max-snippet":"max-snippet:-1","max-image-preview":"max-image-preview:large","max-video-preview":"max-video-preview:-1"},"canonical":"https:\/\/www.intelliplan.se\/dk\/om-cookies\/","og_locale":"sv_SE","og_type":"article","og_title":"Om cookies - Intelliplan Dansk","og_description":"Om cookies Intelliplan bruger cookies p\u00e5 dette websted. \u00c5rsagen til dette er at vi \u00f8nskerr at forbedre brugeroplevelsen for dig som bes\u00f8gende. N\u00e5r der bruges cookies, er det Intelliplans ansvar at informere dig om: At hjemmesiden indeholder cookies Hvad cookies er, og hvad de bruges til Hvorfor Intelliplan v\u00e6lger at bruge cookies Hvordan du undg\u00e5r [&hellip;]","og_url":"https:\/\/www.intelliplan.se\/dk\/om-cookies\/","og_site_name":"Intelliplan Dansk","article_modified_time":"2022-05-24T17:49:29+00:00","twitter_card":"summary_large_image","twitter_misc":{"Ber\u00e4knad l\u00e4stid":"3 minuter"},"schema":{"@context":"https:\/\/schema.org","@graph":[{"@type":"WebPage","@id":"https:\/\/www.intelliplan.se\/dk\/om-cookies\/","url":"https:\/\/www.intelliplan.se\/dk\/om-cookies\/","name":"Om cookies - Intelliplan Dansk","isPartOf":{"@id":"https:\/\/www.intelliplan.se\/dk\/#website"},"datePublished":"2020-07-27T11:14:29+00:00","dateModified":"2022-05-24T17:49:29+00:00","breadcrumb":{"@id":"https:\/\/www.intelliplan.se\/dk\/om-cookies\/#breadcrumb"},"inLanguage":"sv-SE","potentialAction":[{"@type":"ReadAction","target":["https:\/\/www.intelliplan.se\/dk\/om-cookies\/"]}]},{"@type":"BreadcrumbList","@id":"https:\/\/www.intelliplan.se\/dk\/om-cookies\/#breadcrumb","itemListElement":[{"@type":"ListItem","position":1,"name":"Hem","item":"https:\/\/www.intelliplan.se\/dk\/"},{"@type":"ListItem","position":2,"name":"Om cookies"}]},{"@type":"WebSite","@id":"https:\/\/www.intelliplan.se\/dk\/#website","url":"https:\/\/www.intelliplan.se\/dk\/","name":"Intelliplan Dansk","description":"","publisher":{"@id":"https:\/\/www.intelliplan.se\/dk\/#organization"},"potentialAction":[{"@type":"SearchAction","target":{"@type":"EntryPoint","urlTemplate":"https:\/\/www.intelliplan.se\/dk\/?s={search_term_string}"},"query-input":{"@type":"PropertyValueSpecification","valueRequired":true,"valueName":"search_term_string"}}],"inLanguage":"sv-SE"},{"@type":"Organization","@id":"https:\/\/www.intelliplan.se\/dk\/#organization","name":"Intelliplan Dansk","url":"https:\/\/www.intelliplan.se\/dk\/","logo":{"@type":"ImageObject","inLanguage":"sv-SE","@id":"https:\/\/www.intelliplan.se\/dk\/#\/schema\/logo\/image\/","url":"https:\/\/www.intelliplan.se\/dk\/wp-content\/uploads\/sites\/6\/2022\/08\/intelliplan_logotyp_100.png","contentUrl":"https:\/\/www.intelliplan.se\/dk\/wp-content\/uploads\/sites\/6\/2022\/08\/intelliplan_logotyp_100.png","width":100,"height":100,"caption":"Intelliplan Dansk"},"image":{"@id":"https:\/\/www.intelliplan.se\/dk\/#\/schema\/logo\/image\/"}}]}},"_links":{"self":[{"href":"https:\/\/www.intelliplan.se\/dk\/wp-json\/wp\/v2\/pages\/657","targetHints":{"allow":["GET"]}}],"collection":[{"href":"https:\/\/www.intelliplan.se\/dk\/wp-json\/wp\/v2\/pages"}],"about":[{"href":"https:\/\/www.intelliplan.se\/dk\/wp-json\/wp\/v2\/types\/page"}],"author":[{"embeddable":true,"href":"https:\/\/www.intelliplan.se\/dk\/wp-json\/wp\/v2\/users\/1"}],"replies":[{"embeddable":true,"href":"https:\/\/www.intelliplan.se\/dk\/wp-json\/wp\/v2\/comments?post=657"}],"version-history":[{"count":29,"href":"https:\/\/www.intelliplan.se\/dk\/wp-json\/wp\/v2\/pages\/657\/revisions"}],"predecessor-version":[{"id":2004,"href":"https:\/\/www.intelliplan.se\/dk\/wp-json\/wp\/v2\/pages\/657\/revisions\/2004"}],"wp:attachment":[{"href":"https:\/\/www.intelliplan.se\/dk\/wp-json\/wp\/v2\/media?parent=657"}],"curies":[{"name":"wp","href":"https:\/\/api.w.org\/{rel}","templated":true}]}}